{"id":57,"date":"2023-09-26T11:44:31","date_gmt":"2023-09-26T11:44:31","guid":{"rendered":"https:\/\/spsamus.ro\/?page_id=57"},"modified":"2026-04-17T14:19:24","modified_gmt":"2026-04-17T12:19:24","slug":"posturi-vacante","status":"publish","type":"page","link":"https:\/\/spsamus.ro\/index.php\/anunturi\/posturi-vacante\/","title":{"rendered":"Posturi vacante"},"content":{"rendered":"<h3><a href=\"https:\/\/spsamus.ro\/wp-content\/uploads\/2026\/02\/Posturi-vacante-rezervate-2026-2027.pdf\">Posturi vacante rezervate 2026-2027<\/a><\/h3>\n<h3><a href=\"https:\/\/spsamus.ro\/wp-content\/uploads\/2026\/02\/Conditii-specifice-ocupare-posturi-vacante.pdf\">Conditii specifice ocupare posturi vacante<\/a><\/h3>\n<h3><a href=\"https:\/\/spsamus.ro\/wp-content\/uploads\/2026\/04\/Programare-inspectie-speciala-la-clasa_pretransfer_Samus-1.pdf\">Programare inspectie speciala la clasa_pretransfer_Samus 2026<\/a><\/h3>\n<p>&nbsp;<\/p>\n<p>&nbsp;<\/p>\n<h3><a href=\"https:\/\/spsamus.ro\/wp-content\/uploads\/2025\/09\/Adresa-comcurs-ocupare-posturi.pdf\">Anunt concurs ocupare posturi vacante septembrie 2025<\/a><\/h3>\n<h4><a href=\"https:\/\/spsamus.ro\/wp-content\/uploads\/2024\/11\/Rezultate-selectie-dosare-concurs-INGRIJITOR.pdf\">Rezultate selectie dosare concurs INGRIJITOR<\/a><\/h4>\n<h4><a href=\"https:\/\/spsamus.ro\/wp-content\/uploads\/2024\/10\/ANUNT-POST-VACANT-INGRIJITOR-CURATENIE-1.pdf\">ANUNT POST VACANT INGRIJITOR CURATENIE <\/a><\/h4>\n<h4><a href=\"https:\/\/spsamus.ro\/wp-content\/uploads\/2024\/09\/Rezultate-finale-concurs-in-scoala.pdf\">Rezultate finale concurs in scoala<\/a><\/h4>\n<h4><a href=\"https:\/\/spsamus.ro\/wp-content\/uploads\/2024\/09\/Rezultate-proba-scrisa.pdf\">Rezultate proba scrisa<\/a> 2024<\/h4>\n<h4><a href=\"https:\/\/spsamus.ro\/wp-content\/uploads\/2024\/09\/Rezultate-inspectii-la-clasa.pdf\">Rezultate inspectii la clasa<\/a> 2024<\/h4>\n<h4><a href=\"https:\/\/spsamus.ro\/wp-content\/uploads\/2024\/09\/Planificare-inspectii-la-clasa-2024_compressed.pdf\">Planificare inspectii la clasa 2024<\/a><\/h4>\n<h4><a href=\"https:\/\/spsamus.ro\/wp-content\/uploads\/2024\/09\/Rezultate-evaluare-dosare-concurs.pdf\">Rezultate evaluare dosare concurs<\/a><\/h4>\n<h4><a href=\"https:\/\/spsamus.ro\/wp-content\/uploads\/2024\/09\/Anunt-concurs-Scoala-Profesionala-Speciala-SAMUS.pdf\">Anunt concurs Scoala Profesionala Speciala SAMUS<\/a><\/h4>\n<h4><a href=\"https:\/\/spsamus.ro\/wp-content\/uploads\/2023\/10\/Anunt-concurs-Scoala-Profesionala-Speciala-SAMUS.pdf\">Anunt concurs Maistru Instructor\u00a0 Coeftar-Patiser\u00a0<\/a><\/h4>\n<h4><a href=\"https:\/\/spsamus.ro\/wp-content\/uploads\/2023\/10\/Anunt-concurs-Scoala-Profesionala-Speciala-SAMUS.pdf\">Anunt concurs posturi vacantela\u00a0 \u0218coala Profesional\u0103 Special\u0103 SAMUS<\/a><\/h4>\n<h4><a href=\"https:\/\/spsamus.ro\/wp-content\/uploads\/2023\/09\/ANUNT-POST-VACANT-ASISTENT-SOCIAL.pdf\">Anunt post vacant\u00a0 Asistent\u00a0 Social<\/a><\/h4>\n<h4><a href=\"https:\/\/spsamus.ro\/wp-content\/uploads\/2023\/09\/ANUNT-POST-VACANT-INFORMATICIAN.pdf\">Anunt post vacant <\/a><a href=\"https:\/\/spsamus.ro\/wp-content\/uploads\/2023\/09\/ANUNT-POST-VACANT-INFORMATICIAN.pdf\">\u00a0Informatician<\/a><\/h4>\n<h4><a href=\"https:\/\/spsamus.ro\/wp-content\/uploads\/2023\/09\/ANUNT-POST-VACANT-SOFER.pdf\">Anunt post vacant\u00a0 SOFER<\/a><\/h4>\n<p><strong><a href=\"https:\/\/spsamus.ro\/wp-content\/uploads\/2023\/11\/Anunt-concurs-Scoala-Profesionala-Speciala-SAMUS-1.pdf\">Anunt concurs Profesor Educator la Scoala Profesionala Speciala SAMUS<\/a><\/strong><\/p>\n<h4><a href=\"https:\/\/spsamus.ro\/wp-content\/uploads\/2024\/01\/Planificare-inspectie-la-clasa-concurs-kinetoterapie-Samus.pdf\">Planificare inspectie la clasa concurs kinetoterapie Samus<\/a><\/h4>\n<h4><a href=\"https:\/\/spsamus.ro\/wp-content\/uploads\/2024\/01\/Planificare-inspectie-la-clasa-concurs-profesor-educator.pdf\">Planificare-inspectie-la-clasa-concurs-profesor-educator<\/a><\/h4>\n<h5><a href=\"https:\/\/spsamus.ro\/wp-content\/uploads\/2023\/11\/Rezultate-evaluare-dosare-concurs-profesor-educator.pdf\">Rezultate evaluare dosare concurs profesor educator<\/a><\/h5>\n","protected":false},"excerpt":{"rendered":"<p>Posturi vacante rezervate 2026-2027 Conditii specifice ocupare posturi vacante Programare inspectie speciala la clasa_pretransfer_Samus 2026 &nbsp; &nbsp; Anunt concurs ocupare posturi vacante septembrie 2025 Rezultate selectie dosare concurs INGRIJITOR ANUNT POST VACANT INGRIJITOR CURATENIE Rezultate finale concurs in scoala Rezultate proba scrisa 2024 Rezultate inspectii la clasa 2024 Planificare inspectii la clasa 2024 Rezultate evaluare &hellip; <a href=\"https:\/\/spsamus.ro\/index.php\/anunturi\/posturi-vacante\/\">Continue reading <span class=\"meta-nav\">&rarr;<\/span><\/a><\/p>\n","protected":false},"author":1,"featured_media":0,"parent":19,"menu_order":0,"comment_status":"closed","ping_status":"closed","template":"","meta":{"advgb_blocks_editor_width":"","advgb_blocks_columns_visual_guide":"","footnotes":""},"class_list":["post-57","page","type-page","status-publish","hentry"],"coauthors":[],"author_meta":{"author_link":"https:\/\/spsamus.ro\/index.php\/author\/admin_ddh3voxz\/","display_name":"admin"},"relative_dates":{"created":"Posted 3 ani ago","modified":"Updated o s\u0103pt\u0103m\u00e2n\u0103 ago"},"absolute_dates":{"created":"Posted on septembrie 26, 2023","modified":"Updated on aprilie 17, 2026"},"absolute_dates_time":{"created":"Posted on septembrie 26, 2023 11:44 am","modified":"Updated on aprilie 17, 2026 2:19 pm"},"featured_img_caption":"","featured_img":false,"series_order":"","_links":{"self":[{"href":"https:\/\/spsamus.ro\/index.php\/wp-json\/wp\/v2\/pages\/57","targetHints":{"allow":["GET"]}}],"collection":[{"href":"https:\/\/spsamus.ro\/index.php\/wp-json\/wp\/v2\/pages"}],"about":[{"href":"https:\/\/spsamus.ro\/index.php\/wp-json\/wp\/v2\/types\/page"}],"author":[{"embeddable":true,"href":"https:\/\/spsamus.ro\/index.php\/wp-json\/wp\/v2\/users\/1"}],"replies":[{"embeddable":true,"href":"https:\/\/spsamus.ro\/index.php\/wp-json\/wp\/v2\/comments?post=57"}],"version-history":[{"count":24,"href":"https:\/\/spsamus.ro\/index.php\/wp-json\/wp\/v2\/pages\/57\/revisions"}],"predecessor-version":[{"id":1135,"href":"https:\/\/spsamus.ro\/index.php\/wp-json\/wp\/v2\/pages\/57\/revisions\/1135"}],"up":[{"embeddable":true,"href":"https:\/\/spsamus.ro\/index.php\/wp-json\/wp\/v2\/pages\/19"}],"wp:attachment":[{"href":"https:\/\/spsamus.ro\/index.php\/wp-json\/wp\/v2\/media?parent=57"}],"curies":[{"name":"wp","href":"https:\/\/api.w.org\/{rel}","templated":true}]}}