{"id":46,"date":"2023-09-26T11:38:23","date_gmt":"2023-09-26T11:38:23","guid":{"rendered":"https:\/\/spsamus.ro\/?page_id=46"},"modified":"2024-10-29T16:04:42","modified_gmt":"2024-10-29T14:04:42","slug":"proiecte","status":"publish","type":"page","link":"https:\/\/spsamus.ro\/index.php\/proiecte\/","title":{"rendered":"Proiecte"},"content":{"rendered":"<h3><a href=\"https:\/\/spsamus.ro\/index.php\/proiectul-elevi-azi-meseriasi-pe-viitor\/\">Proiectul \u201dElevi azi, meseria\u0219i pe viitor\u201d<\/a><\/h3>\n<h3 class=\"title-header\"><a href=\"https:\/\/spsamus.ro\/index.php\/proiecte\/patratul-fara-laturi\/\">P\u0103tratul f\u0103r\u0103 laturi<\/a><\/h3>\n<h3><strong><a href=\"https:\/\/spsamus.ro\/index.php\/proiecte\/proiect-erasmus\/\">Proiect ERASMUS+<\/a><\/strong><\/h3>\n","protected":false},"excerpt":{"rendered":"<p>Proiectul \u201dElevi azi, meseria\u0219i pe viitor\u201d P\u0103tratul f\u0103r\u0103 laturi Proiect ERASMUS+<\/p>\n","protected":false},"author":1,"featured_media":0,"parent":0,"menu_order":0,"comment_status":"closed","ping_status":"closed","template":"","meta":{"advgb_blocks_editor_width":"","advgb_blocks_columns_visual_guide":"","footnotes":""},"class_list":["post-46","page","type-page","status-publish","hentry"],"coauthors":[],"author_meta":{"author_link":"https:\/\/spsamus.ro\/index.php\/author\/admin_ddh3voxz\/","display_name":"admin"},"relative_dates":{"created":"Posted 3 ani ago","modified":"Updated 1 an ago"},"absolute_dates":{"created":"Posted on septembrie 26, 2023","modified":"Updated on octombrie 29, 2024"},"absolute_dates_time":{"created":"Posted on septembrie 26, 2023 11:38 am","modified":"Updated on octombrie 29, 2024 4:04 pm"},"featured_img_caption":"","featured_img":false,"series_order":"","_links":{"self":[{"href":"https:\/\/spsamus.ro\/index.php\/wp-json\/wp\/v2\/pages\/46","targetHints":{"allow":["GET"]}}],"collection":[{"href":"https:\/\/spsamus.ro\/index.php\/wp-json\/wp\/v2\/pages"}],"about":[{"href":"https:\/\/spsamus.ro\/index.php\/wp-json\/wp\/v2\/types\/page"}],"author":[{"embeddable":true,"href":"https:\/\/spsamus.ro\/index.php\/wp-json\/wp\/v2\/users\/1"}],"replies":[{"embeddable":true,"href":"https:\/\/spsamus.ro\/index.php\/wp-json\/wp\/v2\/comments?post=46"}],"version-history":[{"count":10,"href":"https:\/\/spsamus.ro\/index.php\/wp-json\/wp\/v2\/pages\/46\/revisions"}],"predecessor-version":[{"id":999,"href":"https:\/\/spsamus.ro\/index.php\/wp-json\/wp\/v2\/pages\/46\/revisions\/999"}],"wp:attachment":[{"href":"https:\/\/spsamus.ro\/index.php\/wp-json\/wp\/v2\/media?parent=46"}],"curies":[{"name":"wp","href":"https:\/\/api.w.org\/{rel}","templated":true}]}}