{"id":403,"date":"2023-10-04T14:11:49","date_gmt":"2023-10-04T12:11:49","guid":{"rendered":"https:\/\/spsamus.ro\/?page_id=403"},"modified":"2023-10-04T14:11:59","modified_gmt":"2023-10-04T12:11:59","slug":"lista-persoanelor-de-conducere-si-agenda-acestora","status":"publish","type":"page","link":"https:\/\/spsamus.ro\/index.php\/despre-noi\/lista-persoanelor-de-conducere-si-agenda-acestora\/","title":{"rendered":"Lista persoanelor de conducere \u0219i agenda acestora"},"content":{"rendered":"<p><strong>DIRECTOR:<\/strong><\/p>\n<p><strong>prof. Iosif Gabriel V\u00c2TC\u0102<\/strong><\/p>\n<p>&nbsp;<\/p>\n<p><strong>Director Adjunct:<\/strong><\/p>\n<p><strong>prof. Teofana-Linda SFERLE<\/strong><\/p>\n<p>&nbsp;<\/p>\n<p><strong>Director Adjunct<\/strong><\/p>\n<p><strong>prof. Carmen Diana S\u00ceNGEREAN<\/strong><\/p>\n","protected":false},"excerpt":{"rendered":"<p>DIRECTOR: prof. Iosif Gabriel V\u00c2TC\u0102 &nbsp; Director Adjunct: prof. Teofana-Linda SFERLE &nbsp; Director Adjunct prof. Carmen Diana S\u00ceNGEREAN<\/p>\n","protected":false},"author":1,"featured_media":0,"parent":10,"menu_order":2,"comment_status":"closed","ping_status":"closed","template":"","meta":{"advgb_blocks_editor_width":"","advgb_blocks_columns_visual_guide":"","footnotes":""},"class_list":["post-403","page","type-page","status-publish","hentry"],"coauthors":[],"author_meta":{"author_link":"https:\/\/spsamus.ro\/index.php\/author\/admin_ddh3voxz\/","display_name":"admin"},"relative_dates":{"created":"Posted 3 ani ago","modified":"Updated 3 ani ago"},"absolute_dates":{"created":"Posted on octombrie 4, 2023","modified":"Updated on octombrie 4, 2023"},"absolute_dates_time":{"created":"Posted on octombrie 4, 2023 2:11 pm","modified":"Updated on octombrie 4, 2023 2:11 pm"},"featured_img_caption":"","featured_img":false,"series_order":"","_links":{"self":[{"href":"https:\/\/spsamus.ro\/index.php\/wp-json\/wp\/v2\/pages\/403","targetHints":{"allow":["GET"]}}],"collection":[{"href":"https:\/\/spsamus.ro\/index.php\/wp-json\/wp\/v2\/pages"}],"about":[{"href":"https:\/\/spsamus.ro\/index.php\/wp-json\/wp\/v2\/types\/page"}],"author":[{"embeddable":true,"href":"https:\/\/spsamus.ro\/index.php\/wp-json\/wp\/v2\/users\/1"}],"replies":[{"embeddable":true,"href":"https:\/\/spsamus.ro\/index.php\/wp-json\/wp\/v2\/comments?post=403"}],"version-history":[{"count":2,"href":"https:\/\/spsamus.ro\/index.php\/wp-json\/wp\/v2\/pages\/403\/revisions"}],"predecessor-version":[{"id":405,"href":"https:\/\/spsamus.ro\/index.php\/wp-json\/wp\/v2\/pages\/403\/revisions\/405"}],"up":[{"embeddable":true,"href":"https:\/\/spsamus.ro\/index.php\/wp-json\/wp\/v2\/pages\/10"}],"wp:attachment":[{"href":"https:\/\/spsamus.ro\/index.php\/wp-json\/wp\/v2\/media?parent=403"}],"curies":[{"name":"wp","href":"https:\/\/api.w.org\/{rel}","templated":true}]}}