{"id":383,"date":"2023-10-04T10:08:46","date_gmt":"2023-10-04T08:08:46","guid":{"rendered":"https:\/\/spsamus.ro\/?page_id=383"},"modified":"2023-10-04T10:08:46","modified_gmt":"2023-10-04T08:08:46","slug":"cultura-fizica-medicala","status":"publish","type":"page","link":"https:\/\/spsamus.ro\/index.php\/activitati-terapeutice\/cultura-fizica-medicala\/","title":{"rendered":"Cultur\u0103 fizic\u0103 medical\u0103"},"content":{"rendered":"<p>Activit\u0103\u021bile de cultur\u0103 fizic\u0103 medical\u0103 sunt realizate de un profesor kinetoterapeut, care se ocup\u0103 de evaluarea capacit\u0103\u021bilor fizice ale elevilor \u0219i propune un plan de interven\u021bie pentru \u00eembun\u0103t\u0103\u021birea mobilit\u0103\u021bii, flexibilit\u0103\u021bii, for\u021bei \u0219i rezisten\u021bei fizice, coordon\u0103rii \u0219i echilibului static \u0219i dinamic.<\/p>\n","protected":false},"excerpt":{"rendered":"<p>Activit\u0103\u021bile de cultur\u0103 fizic\u0103 medical\u0103 sunt realizate de un profesor kinetoterapeut, care se ocup\u0103 de evaluarea capacit\u0103\u021bilor fizice ale elevilor \u0219i propune un plan de interven\u021bie pentru \u00eembun\u0103t\u0103\u021birea mobilit\u0103\u021bii, flexibilit\u0103\u021bii, for\u021bei \u0219i rezisten\u021bei fizice, coordon\u0103rii \u0219i echilibului static \u0219i dinamic.<\/p>\n","protected":false},"author":1,"featured_media":0,"parent":368,"menu_order":5,"comment_status":"closed","ping_status":"closed","template":"","meta":{"advgb_blocks_editor_width":"","advgb_blocks_columns_visual_guide":"","footnotes":""},"class_list":["post-383","page","type-page","status-publish","hentry"],"coauthors":[],"author_meta":{"author_link":"https:\/\/spsamus.ro\/index.php\/author\/admin_ddh3voxz\/","display_name":"admin"},"relative_dates":{"created":"Posted 3 ani ago","modified":"Updated 3 ani ago"},"absolute_dates":{"created":"Posted on octombrie 4, 2023","modified":"Updated on octombrie 4, 2023"},"absolute_dates_time":{"created":"Posted on octombrie 4, 2023 10:08 am","modified":"Updated on octombrie 4, 2023 10:08 am"},"featured_img_caption":"","featured_img":false,"series_order":"","_links":{"self":[{"href":"https:\/\/spsamus.ro\/index.php\/wp-json\/wp\/v2\/pages\/383","targetHints":{"allow":["GET"]}}],"collection":[{"href":"https:\/\/spsamus.ro\/index.php\/wp-json\/wp\/v2\/pages"}],"about":[{"href":"https:\/\/spsamus.ro\/index.php\/wp-json\/wp\/v2\/types\/page"}],"author":[{"embeddable":true,"href":"https:\/\/spsamus.ro\/index.php\/wp-json\/wp\/v2\/users\/1"}],"replies":[{"embeddable":true,"href":"https:\/\/spsamus.ro\/index.php\/wp-json\/wp\/v2\/comments?post=383"}],"version-history":[{"count":1,"href":"https:\/\/spsamus.ro\/index.php\/wp-json\/wp\/v2\/pages\/383\/revisions"}],"predecessor-version":[{"id":384,"href":"https:\/\/spsamus.ro\/index.php\/wp-json\/wp\/v2\/pages\/383\/revisions\/384"}],"up":[{"embeddable":true,"href":"https:\/\/spsamus.ro\/index.php\/wp-json\/wp\/v2\/pages\/368"}],"wp:attachment":[{"href":"https:\/\/spsamus.ro\/index.php\/wp-json\/wp\/v2\/media?parent=383"}],"curies":[{"name":"wp","href":"https:\/\/api.w.org\/{rel}","templated":true}]}}