{"id":379,"date":"2023-10-04T10:06:05","date_gmt":"2023-10-04T08:06:05","guid":{"rendered":"https:\/\/spsamus.ro\/?page_id=379"},"modified":"2023-10-04T10:06:10","modified_gmt":"2023-10-04T08:06:10","slug":"formarea-autonomiei-personale","status":"publish","type":"page","link":"https:\/\/spsamus.ro\/index.php\/activitati-terapeutice\/formarea-autonomiei-personale\/","title":{"rendered":"Formarea autonomiei personale"},"content":{"rendered":"<h4>Activit\u0103\u021bile de formare a autonomiei personale au scopul de a-i ajuta pe elevi \u00een ob\u021binerea independen\u021bei la v\u00e2rsta adult\u0103. Prin acest tip de activit\u0103\u021bi, elevii \u00ee\u0219i dezvolt\u0103 abilit\u0103\u021bi specifice comportamentelor adaptative \u0219i pozitive, care s\u0103 le permit\u0103 s\u0103 gestioneze eficient cerin\u021bele \u0219i provoc\u0103rile din via\u021ba de zi cu zi.<\/h4>\n","protected":false},"excerpt":{"rendered":"<p>Activit\u0103\u021bile de formare a autonomiei personale au scopul de a-i ajuta pe elevi \u00een ob\u021binerea independen\u021bei la v\u00e2rsta adult\u0103. Prin acest tip de activit\u0103\u021bi, elevii \u00ee\u0219i dezvolt\u0103 abilit\u0103\u021bi specifice comportamentelor adaptative \u0219i pozitive, care s\u0103 le permit\u0103 s\u0103 gestioneze eficient cerin\u021bele \u0219i provoc\u0103rile din via\u021ba de zi cu zi.<\/p>\n","protected":false},"author":1,"featured_media":0,"parent":368,"menu_order":4,"comment_status":"closed","ping_status":"closed","template":"","meta":{"advgb_blocks_editor_width":"","advgb_blocks_columns_visual_guide":"","footnotes":""},"class_list":["post-379","page","type-page","status-publish","hentry"],"coauthors":[],"author_meta":{"author_link":"https:\/\/spsamus.ro\/index.php\/author\/admin_ddh3voxz\/","display_name":"admin"},"relative_dates":{"created":"Posted 3 ani ago","modified":"Updated 3 ani ago"},"absolute_dates":{"created":"Posted on octombrie 4, 2023","modified":"Updated on octombrie 4, 2023"},"absolute_dates_time":{"created":"Posted on octombrie 4, 2023 10:06 am","modified":"Updated on octombrie 4, 2023 10:06 am"},"featured_img_caption":"","featured_img":false,"series_order":"","_links":{"self":[{"href":"https:\/\/spsamus.ro\/index.php\/wp-json\/wp\/v2\/pages\/379","targetHints":{"allow":["GET"]}}],"collection":[{"href":"https:\/\/spsamus.ro\/index.php\/wp-json\/wp\/v2\/pages"}],"about":[{"href":"https:\/\/spsamus.ro\/index.php\/wp-json\/wp\/v2\/types\/page"}],"author":[{"embeddable":true,"href":"https:\/\/spsamus.ro\/index.php\/wp-json\/wp\/v2\/users\/1"}],"replies":[{"embeddable":true,"href":"https:\/\/spsamus.ro\/index.php\/wp-json\/wp\/v2\/comments?post=379"}],"version-history":[{"count":1,"href":"https:\/\/spsamus.ro\/index.php\/wp-json\/wp\/v2\/pages\/379\/revisions"}],"predecessor-version":[{"id":380,"href":"https:\/\/spsamus.ro\/index.php\/wp-json\/wp\/v2\/pages\/379\/revisions\/380"}],"up":[{"embeddable":true,"href":"https:\/\/spsamus.ro\/index.php\/wp-json\/wp\/v2\/pages\/368"}],"wp:attachment":[{"href":"https:\/\/spsamus.ro\/index.php\/wp-json\/wp\/v2\/media?parent=379"}],"curies":[{"name":"wp","href":"https:\/\/api.w.org\/{rel}","templated":true}]}}