{"id":377,"date":"2023-10-04T10:05:14","date_gmt":"2023-10-04T08:05:14","guid":{"rendered":"https:\/\/spsamus.ro\/?page_id=377"},"modified":"2023-10-04T10:05:14","modified_gmt":"2023-10-04T08:05:14","slug":"socializare","status":"publish","type":"page","link":"https:\/\/spsamus.ro\/index.php\/socializare\/","title":{"rendered":"Socializare"},"content":{"rendered":"<h4>Prin activit\u0103\u021bile de dezvoltare a abilit\u0103\u021bilor sociale se urm\u0103re\u0219te \u00eenv\u0103\u021barea comportamentelor sociale verbale \u0219i nonverbale implicate \u00een interac\u021biunile sociale, mai ales \u00een cazul elevilor cu probleme emo\u021bionale \u0219i de comportament, cu scopul de a-i sprijini pe ace\u0219tia \u00een dep\u0103\u0219irea dificult\u0103\u021bilor de rela\u021bionare cu al\u021bi membri ai comunit\u0103\u021bii. Obiectivul principal al activit\u0103\u021bilor este de a-i \u00eenv\u0103\u021ba pe elevi cum s\u0103 se comporte adecvat \u00een preajma altor persoane \u00een diverse situa\u021bii sociale.<\/h4>\n","protected":false},"excerpt":{"rendered":"<p>Prin activit\u0103\u021bile de dezvoltare a abilit\u0103\u021bilor sociale se urm\u0103re\u0219te \u00eenv\u0103\u021barea comportamentelor sociale verbale \u0219i nonverbale implicate \u00een interac\u021biunile sociale, mai ales \u00een cazul elevilor cu probleme emo\u021bionale \u0219i de comportament, cu scopul de a-i sprijini pe ace\u0219tia \u00een dep\u0103\u0219irea dificult\u0103\u021bilor de rela\u021bionare cu al\u021bi membri ai comunit\u0103\u021bii. Obiectivul principal al activit\u0103\u021bilor este de a-i \u00eenv\u0103\u021ba &hellip; <a href=\"https:\/\/spsamus.ro\/index.php\/socializare\/\">Continue reading <span class=\"meta-nav\">&rarr;<\/span><\/a><\/p>\n","protected":false},"author":1,"featured_media":0,"parent":0,"menu_order":3,"comment_status":"closed","ping_status":"closed","template":"","meta":{"advgb_blocks_editor_width":"","advgb_blocks_columns_visual_guide":"","footnotes":""},"class_list":["post-377","page","type-page","status-publish","hentry"],"coauthors":[],"author_meta":{"author_link":"https:\/\/spsamus.ro\/index.php\/author\/admin_ddh3voxz\/","display_name":"admin"},"relative_dates":{"created":"Posted 3 ani ago","modified":"Updated 3 ani ago"},"absolute_dates":{"created":"Posted on octombrie 4, 2023","modified":"Updated on octombrie 4, 2023"},"absolute_dates_time":{"created":"Posted on octombrie 4, 2023 10:05 am","modified":"Updated on octombrie 4, 2023 10:05 am"},"featured_img_caption":"","featured_img":false,"series_order":"","_links":{"self":[{"href":"https:\/\/spsamus.ro\/index.php\/wp-json\/wp\/v2\/pages\/377","targetHints":{"allow":["GET"]}}],"collection":[{"href":"https:\/\/spsamus.ro\/index.php\/wp-json\/wp\/v2\/pages"}],"about":[{"href":"https:\/\/spsamus.ro\/index.php\/wp-json\/wp\/v2\/types\/page"}],"author":[{"embeddable":true,"href":"https:\/\/spsamus.ro\/index.php\/wp-json\/wp\/v2\/users\/1"}],"replies":[{"embeddable":true,"href":"https:\/\/spsamus.ro\/index.php\/wp-json\/wp\/v2\/comments?post=377"}],"version-history":[{"count":1,"href":"https:\/\/spsamus.ro\/index.php\/wp-json\/wp\/v2\/pages\/377\/revisions"}],"predecessor-version":[{"id":378,"href":"https:\/\/spsamus.ro\/index.php\/wp-json\/wp\/v2\/pages\/377\/revisions\/378"}],"wp:attachment":[{"href":"https:\/\/spsamus.ro\/index.php\/wp-json\/wp\/v2\/media?parent=377"}],"curies":[{"name":"wp","href":"https:\/\/api.w.org\/{rel}","templated":true}]}}