{"id":375,"date":"2023-10-04T10:04:19","date_gmt":"2023-10-04T08:04:19","guid":{"rendered":"https:\/\/spsamus.ro\/?page_id=375"},"modified":"2023-10-04T10:04:19","modified_gmt":"2023-10-04T08:04:19","slug":"stimulare-cognitiva","status":"publish","type":"page","link":"https:\/\/spsamus.ro\/index.php\/activitati-terapeutice\/stimulare-cognitiva\/","title":{"rendered":"Stimulare cognitiv\u0103"},"content":{"rendered":"<h4>Terapia prin stimulare cognitiv\u0103 include activit\u0103\u021bi specifice centrate \u00eembun\u0103t\u0103\u021birea \u0219i antrenarea procesele cognitive care sus\u021bin \u00eenv\u0103\u021barea. Activit\u0103\u021bile sunt menite s\u0103 \u00eembun\u0103t\u0103\u021beasc\u0103 aten\u021bia \u0219i memoria, g\u00e2ndirea analitic\u0103, abilit\u0103\u021bile de rezolvare de probleme etc.<\/h4>\n","protected":false},"excerpt":{"rendered":"<p>Terapia prin stimulare cognitiv\u0103 include activit\u0103\u021bi specifice centrate \u00eembun\u0103t\u0103\u021birea \u0219i antrenarea procesele cognitive care sus\u021bin \u00eenv\u0103\u021barea. Activit\u0103\u021bile sunt menite s\u0103 \u00eembun\u0103t\u0103\u021beasc\u0103 aten\u021bia \u0219i memoria, g\u00e2ndirea analitic\u0103, abilit\u0103\u021bile de rezolvare de probleme etc.<\/p>\n","protected":false},"author":1,"featured_media":0,"parent":368,"menu_order":2,"comment_status":"closed","ping_status":"closed","template":"","meta":{"advgb_blocks_editor_width":"","advgb_blocks_columns_visual_guide":"","footnotes":""},"class_list":["post-375","page","type-page","status-publish","hentry"],"coauthors":[],"author_meta":{"author_link":"https:\/\/spsamus.ro\/index.php\/author\/admin_ddh3voxz\/","display_name":"admin"},"relative_dates":{"created":"Posted 3 ani ago","modified":"Updated 3 ani ago"},"absolute_dates":{"created":"Posted on octombrie 4, 2023","modified":"Updated on octombrie 4, 2023"},"absolute_dates_time":{"created":"Posted on octombrie 4, 2023 10:04 am","modified":"Updated on octombrie 4, 2023 10:04 am"},"featured_img_caption":"","featured_img":false,"series_order":"","_links":{"self":[{"href":"https:\/\/spsamus.ro\/index.php\/wp-json\/wp\/v2\/pages\/375","targetHints":{"allow":["GET"]}}],"collection":[{"href":"https:\/\/spsamus.ro\/index.php\/wp-json\/wp\/v2\/pages"}],"about":[{"href":"https:\/\/spsamus.ro\/index.php\/wp-json\/wp\/v2\/types\/page"}],"author":[{"embeddable":true,"href":"https:\/\/spsamus.ro\/index.php\/wp-json\/wp\/v2\/users\/1"}],"replies":[{"embeddable":true,"href":"https:\/\/spsamus.ro\/index.php\/wp-json\/wp\/v2\/comments?post=375"}],"version-history":[{"count":1,"href":"https:\/\/spsamus.ro\/index.php\/wp-json\/wp\/v2\/pages\/375\/revisions"}],"predecessor-version":[{"id":376,"href":"https:\/\/spsamus.ro\/index.php\/wp-json\/wp\/v2\/pages\/375\/revisions\/376"}],"up":[{"embeddable":true,"href":"https:\/\/spsamus.ro\/index.php\/wp-json\/wp\/v2\/pages\/368"}],"wp:attachment":[{"href":"https:\/\/spsamus.ro\/index.php\/wp-json\/wp\/v2\/media?parent=375"}],"curies":[{"name":"wp","href":"https:\/\/api.w.org\/{rel}","templated":true}]}}