{"id":373,"date":"2023-10-04T10:03:18","date_gmt":"2023-10-04T08:03:18","guid":{"rendered":"https:\/\/spsamus.ro\/?page_id=373"},"modified":"2023-10-04T10:03:18","modified_gmt":"2023-10-04T08:03:18","slug":"terapia-ocupationala","status":"publish","type":"page","link":"https:\/\/spsamus.ro\/index.php\/activitati-terapeutice\/terapia-ocupationala\/","title":{"rendered":"Terapia ocupa\u021bional\u0103"},"content":{"rendered":"<h4>Terapia ocupa\u021bional\u0103\u00a0este parte integrant\u0103 a terapiei educa\u021bionale complexe \u0219i integrate, sus\u021binut\u0103 de profesorul educator \u00een cadrul activit\u0103\u021bilor de dup\u0103-amiaza cu elevii din ciclul gimnazial (al\u0103turi de activit\u0103\u021bi de stimulare cognitiv\u0103, ludoterapie, activit\u0103\u021bi de dezvoltare a abilit\u0103\u021bilor sociale \u0219i de autonomie personal\u0103). Activit\u0103\u021bile de terapie educa\u021bional\u0103 integrat\u0103 se desf\u0103\u0219oar\u0103 ca activit\u0103\u021bi de grup, pe clase, cu elevii interni ai \u0219colii. Activit\u0103\u021bile de terapie ocupa\u021bional\u0103 se axeaz\u0103 pe formarea abilit\u0103\u021bilor \u0219i pe consolidarea comportamentelor adaptative care sus\u021bin participarea \u00een mod independent la activit\u0103\u021bile specifice vie\u021bii de zi cu zi.<\/h4>\n","protected":false},"excerpt":{"rendered":"<p>Terapia ocupa\u021bional\u0103\u00a0este parte integrant\u0103 a terapiei educa\u021bionale complexe \u0219i integrate, sus\u021binut\u0103 de profesorul educator \u00een cadrul activit\u0103\u021bilor de dup\u0103-amiaza cu elevii din ciclul gimnazial (al\u0103turi de activit\u0103\u021bi de stimulare cognitiv\u0103, ludoterapie, activit\u0103\u021bi de dezvoltare a abilit\u0103\u021bilor sociale \u0219i de autonomie personal\u0103). Activit\u0103\u021bile de terapie educa\u021bional\u0103 integrat\u0103 se desf\u0103\u0219oar\u0103 ca activit\u0103\u021bi de grup, pe clase, cu &hellip; <a href=\"https:\/\/spsamus.ro\/index.php\/activitati-terapeutice\/terapia-ocupationala\/\">Continue reading <span class=\"meta-nav\">&rarr;<\/span><\/a><\/p>\n","protected":false},"author":1,"featured_media":0,"parent":368,"menu_order":1,"comment_status":"closed","ping_status":"closed","template":"","meta":{"advgb_blocks_editor_width":"","advgb_blocks_columns_visual_guide":"","footnotes":""},"class_list":["post-373","page","type-page","status-publish","hentry"],"coauthors":[],"author_meta":{"author_link":"https:\/\/spsamus.ro\/index.php\/author\/admin_ddh3voxz\/","display_name":"admin"},"relative_dates":{"created":"Posted 3 ani ago","modified":"Updated 3 ani ago"},"absolute_dates":{"created":"Posted on octombrie 4, 2023","modified":"Updated on octombrie 4, 2023"},"absolute_dates_time":{"created":"Posted on octombrie 4, 2023 10:03 am","modified":"Updated on octombrie 4, 2023 10:03 am"},"featured_img_caption":"","featured_img":false,"series_order":"","_links":{"self":[{"href":"https:\/\/spsamus.ro\/index.php\/wp-json\/wp\/v2\/pages\/373","targetHints":{"allow":["GET"]}}],"collection":[{"href":"https:\/\/spsamus.ro\/index.php\/wp-json\/wp\/v2\/pages"}],"about":[{"href":"https:\/\/spsamus.ro\/index.php\/wp-json\/wp\/v2\/types\/page"}],"author":[{"embeddable":true,"href":"https:\/\/spsamus.ro\/index.php\/wp-json\/wp\/v2\/users\/1"}],"replies":[{"embeddable":true,"href":"https:\/\/spsamus.ro\/index.php\/wp-json\/wp\/v2\/comments?post=373"}],"version-history":[{"count":1,"href":"https:\/\/spsamus.ro\/index.php\/wp-json\/wp\/v2\/pages\/373\/revisions"}],"predecessor-version":[{"id":374,"href":"https:\/\/spsamus.ro\/index.php\/wp-json\/wp\/v2\/pages\/373\/revisions\/374"}],"up":[{"embeddable":true,"href":"https:\/\/spsamus.ro\/index.php\/wp-json\/wp\/v2\/pages\/368"}],"wp:attachment":[{"href":"https:\/\/spsamus.ro\/index.php\/wp-json\/wp\/v2\/media?parent=373"}],"curies":[{"name":"wp","href":"https:\/\/api.w.org\/{rel}","templated":true}]}}