{"id":371,"date":"2023-10-04T10:02:23","date_gmt":"2023-10-04T08:02:23","guid":{"rendered":"https:\/\/spsamus.ro\/?page_id=371"},"modified":"2023-10-04T10:02:23","modified_gmt":"2023-10-04T08:02:23","slug":"terapia-tulburarilor-de-limbaj","status":"publish","type":"page","link":"https:\/\/spsamus.ro\/index.php\/activitati-terapeutice\/terapia-tulburarilor-de-limbaj\/","title":{"rendered":"Terapia tulbur\u0103rilor de limbaj"},"content":{"rendered":"<h4>Activit\u0103\u021bile de terapia tulbur\u0103rilor de limbaj sunt oferite elevilor cu tulbur\u0103ri \u00een sfera limbajului verbal \u0219i a comunic\u0103rii, o mare parte din elevii \u0219colii prezent\u00e2nd dificult\u0103\u021bi de comunicare verbal\u0103 sau \u00een scris. Elevii cu tulbur\u0103ri de limbaj \u0219i de comunicare sunt predispu\u0219i riscului de a avea o performan\u021b\u0103 sc\u0103zut\u0103 \u00een sfera deprinderilor de scris \u0219i citit, probleme de s\u0103n\u0103tate mental\u0103, precum \u0219i oportunit\u0103\u021bi reduse de angajare la v\u00e2rst\u0103 adult\u0103. Activit\u0103\u021bile de terapia tulbur\u0103rilor de limbaj reprezint\u0103 un serviciu esen\u021bial care contribuie la \u00eembun\u0103t\u0103\u021birea abilit\u0103\u021bilor de comunicare \u0219i care contribuie la dezvoltarea personal\u0103 a acestora. Profesorii psihopedagogi, specializa\u021bi \u00een logopedie \u0219i terapia limbajului ofer\u0103 sprijin \u0219i interven\u021bie pentru elevii cu dificult\u0103\u021bi de limbaj \u0219i comunicare.<\/h4>\n","protected":false},"excerpt":{"rendered":"<p>Activit\u0103\u021bile de terapia tulbur\u0103rilor de limbaj sunt oferite elevilor cu tulbur\u0103ri \u00een sfera limbajului verbal \u0219i a comunic\u0103rii, o mare parte din elevii \u0219colii prezent\u00e2nd dificult\u0103\u021bi de comunicare verbal\u0103 sau \u00een scris. Elevii cu tulbur\u0103ri de limbaj \u0219i de comunicare sunt predispu\u0219i riscului de a avea o performan\u021b\u0103 sc\u0103zut\u0103 \u00een sfera deprinderilor de scris \u0219i &hellip; <a href=\"https:\/\/spsamus.ro\/index.php\/activitati-terapeutice\/terapia-tulburarilor-de-limbaj\/\">Continue reading <span class=\"meta-nav\">&rarr;<\/span><\/a><\/p>\n","protected":false},"author":1,"featured_media":0,"parent":368,"menu_order":0,"comment_status":"closed","ping_status":"closed","template":"","meta":{"advgb_blocks_editor_width":"","advgb_blocks_columns_visual_guide":"","footnotes":""},"class_list":["post-371","page","type-page","status-publish","hentry"],"coauthors":[],"author_meta":{"author_link":"https:\/\/spsamus.ro\/index.php\/author\/admin_ddh3voxz\/","display_name":"admin"},"relative_dates":{"created":"Posted 3 ani ago","modified":"Updated 3 ani ago"},"absolute_dates":{"created":"Posted on octombrie 4, 2023","modified":"Updated on octombrie 4, 2023"},"absolute_dates_time":{"created":"Posted on octombrie 4, 2023 10:02 am","modified":"Updated on octombrie 4, 2023 10:02 am"},"featured_img_caption":"","featured_img":false,"series_order":"","_links":{"self":[{"href":"https:\/\/spsamus.ro\/index.php\/wp-json\/wp\/v2\/pages\/371","targetHints":{"allow":["GET"]}}],"collection":[{"href":"https:\/\/spsamus.ro\/index.php\/wp-json\/wp\/v2\/pages"}],"about":[{"href":"https:\/\/spsamus.ro\/index.php\/wp-json\/wp\/v2\/types\/page"}],"author":[{"embeddable":true,"href":"https:\/\/spsamus.ro\/index.php\/wp-json\/wp\/v2\/users\/1"}],"replies":[{"embeddable":true,"href":"https:\/\/spsamus.ro\/index.php\/wp-json\/wp\/v2\/comments?post=371"}],"version-history":[{"count":1,"href":"https:\/\/spsamus.ro\/index.php\/wp-json\/wp\/v2\/pages\/371\/revisions"}],"predecessor-version":[{"id":372,"href":"https:\/\/spsamus.ro\/index.php\/wp-json\/wp\/v2\/pages\/371\/revisions\/372"}],"up":[{"embeddable":true,"href":"https:\/\/spsamus.ro\/index.php\/wp-json\/wp\/v2\/pages\/368"}],"wp:attachment":[{"href":"https:\/\/spsamus.ro\/index.php\/wp-json\/wp\/v2\/media?parent=371"}],"curies":[{"name":"wp","href":"https:\/\/api.w.org\/{rel}","templated":true}]}}