{"id":37,"date":"2023-09-26T11:36:17","date_gmt":"2023-09-26T11:36:17","guid":{"rendered":"https:\/\/spsamus.ro\/?page_id=37"},"modified":"2026-03-30T09:32:09","modified_gmt":"2026-03-30T07:32:09","slug":"personal-nedidactic","status":"publish","type":"page","link":"https:\/\/spsamus.ro\/index.php\/personal-nedidactic\/","title":{"rendered":"Orare"},"content":{"rendered":"<h3><a href=\"https:\/\/spsamus.ro\/index.php\/personal-nedidactic\/orare-profesori\/\">Orare profesori<\/a><\/h3>\n<h3><a href=\"https:\/\/spsamus.ro\/index.php\/personal-nedidactic\/orare-clase\/\">Orare clase elevi<\/a><\/h3>\n<h3><strong><a href=\"https:\/\/spsamus.ro\/wp-content\/uploads\/2025\/10\/2-Program_Orar_Scoala-altfel_SPSS_2025-2026.pdf\">Program_Orar_\u0218coala altfel_SPSS_2025<\/a><\/strong><\/h3>\n<h3><a href=\"https:\/\/spsamus.ro\/wp-content\/uploads\/2026\/03\/Program_saptamana-verde Samaus_2025-2026.pdf\">Program_saptamana verde_2026<\/a><\/h3>\n<p>&nbsp;<\/p>\n","protected":false},"excerpt":{"rendered":"<p>Orare profesori Orare clase elevi Program_Orar_\u0218coala altfel_SPSS_2025 Program_saptamana verde_2026 &nbsp;<\/p>\n","protected":false},"author":1,"featured_media":0,"parent":0,"menu_order":0,"comment_status":"closed","ping_status":"closed","template":"","meta":{"advgb_blocks_editor_width":"","advgb_blocks_columns_visual_guide":"","footnotes":""},"class_list":["post-37","page","type-page","status-publish","hentry"],"coauthors":[],"author_meta":{"author_link":"https:\/\/spsamus.ro\/index.php\/author\/admin_ddh3voxz\/","display_name":"admin"},"relative_dates":{"created":"Posted 3 ani ago","modified":"Updated 3 s\u0103pt\u0103m\u00e2ni ago"},"absolute_dates":{"created":"Posted on septembrie 26, 2023","modified":"Updated on martie 30, 2026"},"absolute_dates_time":{"created":"Posted on septembrie 26, 2023 11:36 am","modified":"Updated on martie 30, 2026 9:32 am"},"featured_img_caption":"","featured_img":false,"series_order":"","_links":{"self":[{"href":"https:\/\/spsamus.ro\/index.php\/wp-json\/wp\/v2\/pages\/37","targetHints":{"allow":["GET"]}}],"collection":[{"href":"https:\/\/spsamus.ro\/index.php\/wp-json\/wp\/v2\/pages"}],"about":[{"href":"https:\/\/spsamus.ro\/index.php\/wp-json\/wp\/v2\/types\/page"}],"author":[{"embeddable":true,"href":"https:\/\/spsamus.ro\/index.php\/wp-json\/wp\/v2\/users\/1"}],"replies":[{"embeddable":true,"href":"https:\/\/spsamus.ro\/index.php\/wp-json\/wp\/v2\/comments?post=37"}],"version-history":[{"count":11,"href":"https:\/\/spsamus.ro\/index.php\/wp-json\/wp\/v2\/pages\/37\/revisions"}],"predecessor-version":[{"id":1128,"href":"https:\/\/spsamus.ro\/index.php\/wp-json\/wp\/v2\/pages\/37\/revisions\/1128"}],"wp:attachment":[{"href":"https:\/\/spsamus.ro\/index.php\/wp-json\/wp\/v2\/media?parent=37"}],"curies":[{"name":"wp","href":"https:\/\/api.w.org\/{rel}","templated":true}]}}