{"id":368,"date":"2023-10-04T09:59:44","date_gmt":"2023-10-04T07:59:44","guid":{"rendered":"https:\/\/spsamus.ro\/?page_id=368"},"modified":"2024-02-22T20:14:07","modified_gmt":"2024-02-22T18:14:07","slug":"activitati-terapeutice","status":"publish","type":"page","link":"https:\/\/spsamus.ro\/index.php\/activitati-terapeutice\/","title":{"rendered":"Activit\u0103\u021bi terapeutice"},"content":{"rendered":"<h4>Av\u00e2nd \u00een vedere nevoile speciale diverse ale elevilor care frecventeaz\u0103 \u0218coala Profesional\u0103 Special\u0103 \u201eSamus\u201d, \u0219coala ofer\u0103 o serie de activit\u0103\u021bi terapeutice specifice pentru:<\/h4>\n<ul>\n<li>\n<h4><strong>Terapia tulbur\u0103rilor de limbaj<\/strong><\/h4>\n<\/li>\n<li>\n<h4><strong>Terapia ocupa\u021bional\u0103<\/strong><\/h4>\n<\/li>\n<li>\n<h4><strong>Stimulare cognitiv\u0103<\/strong><\/h4>\n<\/li>\n<li>\n<h4><strong>Socializare<\/strong><\/h4>\n<\/li>\n<li>\n<h4><strong>Formarea autonomiei personale<\/strong><\/h4>\n<\/li>\n<li>\n<h4><strong>Ludoterapia<\/strong><\/h4>\n<\/li>\n<li>\n<h4><strong>Cultur\u0103 fizic\u0103 medical\u0103<\/strong><\/h4>\n<\/li>\n<li>\n<h4><strong>Consiliere \u0219i orientare voca\u021bional\u0103 \u0219i profesional\u0103<\/strong><\/h4>\n<\/li>\n<\/ul>\n<p>&nbsp;<\/p>\n<script>\njQuery( document ).ready(function() {\n\tjQuery('.first-sample-3 .slider').blue_slider({\n\t\tauto_play: true,\t\t\t\t\t\t\/\/ to auto play slides (default: false)\n\t\tprev_arrow: '.first-sample-3 .prev-slide',\t\t\/\/ class name of prev arrow button element\n\t\tnext_arrow: '.first-sample-3 .next-slide',\t\t\/\/ class name of next arrow button element\n\t});\n});\n<\/script>\n\n<!-- slider start-->\n<div class=\"sf-3-3\">\n\t<div class=\"first-sample-3\">\n\t\t<div class=\"slider\">\n\t\t\t\t\t\t\t\t<div class=\"item\">\n\t\t\t\t\t\t<img decoding=\"async\" class=\"sf-3-slide-image\" src=\"https:\/\/spsamus.ro\/wp-content\/uploads\/2024\/02\/Terapie1.jpeg\" alt=\"\">\n\t\t\t\t\t<\/div>\n\t\t\t\t\t\t\t\t\t\t<div class=\"item\">\n\t\t\t\t\t\t<img decoding=\"async\" class=\"sf-3-slide-image\" src=\"https:\/\/spsamus.ro\/wp-content\/uploads\/2024\/02\/Terapie2.jpeg\" alt=\"\">\n\t\t\t\t\t<\/div>\n\t\t\t\t\t\t\t\t\t\t<div class=\"item\">\n\t\t\t\t\t\t<img decoding=\"async\" class=\"sf-3-slide-image\" src=\"https:\/\/spsamus.ro\/wp-content\/uploads\/2024\/02\/Joc4.jpeg\" alt=\"\">\n\t\t\t\t\t<\/div>\n\t\t\t\t\t\t\t\t\t\t<div class=\"item\">\n\t\t\t\t\t\t<img decoding=\"async\" class=\"sf-3-slide-image\" src=\"https:\/\/spsamus.ro\/wp-content\/uploads\/2024\/02\/Joc1.jpeg\" alt=\"\">\n\t\t\t\t\t<\/div>\n\t\t\t\t\t\t\t\t\t\t<div class=\"item\">\n\t\t\t\t\t\t<img decoding=\"async\" class=\"sf-3-slide-image\" src=\"https:\/\/spsamus.ro\/wp-content\/uploads\/2024\/02\/Joc2.jpeg\" alt=\"\">\n\t\t\t\t\t<\/div>\n\t\t\t\t\t\t\t\t\t\t<div class=\"item\">\n\t\t\t\t\t\t<img decoding=\"async\" class=\"sf-3-slide-image\" src=\"https:\/\/spsamus.ro\/wp-content\/uploads\/2024\/02\/Joc3.jpeg\" alt=\"\">\n\t\t\t\t\t<\/div>\n\t\t\t\t\t\t\t<\/div>\n\t\t<i class=\"prev-slide \"><i class=\"fa fa-arrow-circle-left\"><\/i><\/i>\n\t\t<i class=\"next-slide \"><i class=\"fa fa-arrow-circle-right\"><\/i><\/i>\n\t<\/div>\n<\/div>\n<!-- slider end-->\n\n<style>\n.sf-3-3 {\n\twidth: 100%;\n\theight: 500px;\n}\n\n.sf-3-slide-content {\n}\n\n.sf-3-slide-title {\n}\n\n.sf-3-slide-desc {\n}\n\n\n\/* main CSS start *\/\n.first-sample-3 {\n\twidth: 100%;\t\t\t\t\/* width of slider *\/\n\theight: 100%;\t\t\t\t\/* height of slider *\/\n\tborder: 5px solid #1c1c1c;\t\/* border color\/thickness of slider *\/\n\tborder-radius: 3px;\n\tposition: relative;\n\tbackground-color: #1c1c1c\t\/* background color of slider *\/\n}\n\n.first-sample-3 .slider {\n\theight: 100%\n}\n\n.first-sample-3 .slider .slide-wrapper {\n\toverflow: hidden;\n\t-webkit-user-select: none;\n\t-moz-user-select: none;\n\t-ms-user-select: none;\n\tuser-select: none\n}\n\n.first-sample-3 .slider .slide-tracker .my-fr-current .item::before {\n\tbackground-color: rgba(0, 0, 0, 0);\n}\n\n.first-sample-3 .slider .item {\n\twidth: 100%;\n\theight: 100%;\n\toverflow: hidden;\n\tposition: relative\n}\n\n.first-sample-3 .slider .item::before {\n\tcontent: '';\n\tposition: absolute;\n\tleft: 0;\n\ttop: 0;\n\twidth: 100%;\n\theight: 100%;\n\tbackground-color: rgba(0, 0, 0, 0.8);\n\ttransition: background-color 1s\n}\n\n.first-sample-3 .slider .item img {\n\twidth: 100%;\n\theight: 100%;\n\tobject-fit: cover;\t\t\t\t\/* image fit or Zoom 100% *\/\n\tobject-position: center center\n}\n\n.first-sample-3 .prev-slide,\n.first-sample-3 .next-slide {\n\tposition: absolute;\n\ttop: 50%;\n\ttransform: translateY(-50%);\n\tfont-size:50px;\t\t\t\t\t\/* button size in px *\/\n\tcursor: pointer;\n\tcolor: #888;\t\t\t\t\t\/* button color *\/\n\ttransition: color .3s\n}\n\n.first-sample-3 .prev-slide:hover,\n.first-sample-3 .next-slide:hover {\n\tcolor: #ccc \t\t\t\t\t\/* button hover color *\/\n}\n\n\/* position of previous button from slider container (default -70 px) *\/\n.first-sample-3 .prev-slide {\n\tleft: 0px\n}\n\n\/* position of next button from slider container (default -70 px) *\/\n.first-sample-3 .next-slide {\n\tright: 0px\n}\n\/* main CSS end *\/\n\n\/* media query CSS start *\/\n@media only screen and (max-width: 600px) {\n\t.sf-3-3 {\n\t\theight: 250px;\n\t}\n}\n\/* media query CSS end *\/\n<\/style>\n\n<p>&nbsp;<\/p>\n","protected":false},"excerpt":{"rendered":"<p>Av\u00e2nd \u00een vedere nevoile speciale diverse ale elevilor care frecventeaz\u0103 \u0218coala Profesional\u0103 Special\u0103 \u201eSamus\u201d, \u0219coala ofer\u0103 o serie de activit\u0103\u021bi terapeutice specifice pentru: Terapia tulbur\u0103rilor de limbaj Terapia ocupa\u021bional\u0103 Stimulare cognitiv\u0103 Socializare Formarea autonomiei personale Ludoterapia Cultur\u0103 fizic\u0103 medical\u0103 Consiliere \u0219i orientare voca\u021bional\u0103 \u0219i profesional\u0103 &nbsp; &nbsp;<\/p>\n","protected":false},"author":1,"featured_media":0,"parent":0,"menu_order":0,"comment_status":"closed","ping_status":"closed","template":"","meta":{"advgb_blocks_editor_width":"","advgb_blocks_columns_visual_guide":"","footnotes":""},"class_list":["post-368","page","type-page","status-publish","hentry"],"coauthors":[],"author_meta":{"author_link":"https:\/\/spsamus.ro\/index.php\/author\/admin_ddh3voxz\/","display_name":"admin"},"relative_dates":{"created":"Posted 3 ani ago","modified":"Updated 2 ani ago"},"absolute_dates":{"created":"Posted on octombrie 4, 2023","modified":"Updated on februarie 22, 2024"},"absolute_dates_time":{"created":"Posted on octombrie 4, 2023 9:59 am","modified":"Updated on februarie 22, 2024 8:14 pm"},"featured_img_caption":"","featured_img":false,"series_order":"","_links":{"self":[{"href":"https:\/\/spsamus.ro\/index.php\/wp-json\/wp\/v2\/pages\/368","targetHints":{"allow":["GET"]}}],"collection":[{"href":"https:\/\/spsamus.ro\/index.php\/wp-json\/wp\/v2\/pages"}],"about":[{"href":"https:\/\/spsamus.ro\/index.php\/wp-json\/wp\/v2\/types\/page"}],"author":[{"embeddable":true,"href":"https:\/\/spsamus.ro\/index.php\/wp-json\/wp\/v2\/users\/1"}],"replies":[{"embeddable":true,"href":"https:\/\/spsamus.ro\/index.php\/wp-json\/wp\/v2\/comments?post=368"}],"version-history":[{"count":2,"href":"https:\/\/spsamus.ro\/index.php\/wp-json\/wp\/v2\/pages\/368\/revisions"}],"predecessor-version":[{"id":640,"href":"https:\/\/spsamus.ro\/index.php\/wp-json\/wp\/v2\/pages\/368\/revisions\/640"}],"wp:attachment":[{"href":"https:\/\/spsamus.ro\/index.php\/wp-json\/wp\/v2\/media?parent=368"}],"curies":[{"name":"wp","href":"https:\/\/api.w.org\/{rel}","templated":true}]}}