{"id":347,"date":"2023-10-04T09:31:01","date_gmt":"2023-10-04T07:31:01","guid":{"rendered":"https:\/\/spsamus.ro\/?page_id=347"},"modified":"2023-10-04T09:31:25","modified_gmt":"2023-10-04T07:31:25","slug":"biblioteca","status":"publish","type":"page","link":"https:\/\/spsamus.ro\/index.php\/resurse-materiale\/biblioteca\/","title":{"rendered":"Biblioteca"},"content":{"rendered":"<h4>Bibliotca \u0219colii a fost \u00een mod constant modernizat\u0103 \u0219i ofer\u0103 o colec\u021bie de c\u0103r\u021bi de peste 14000 de volume.<\/h4>\n<h4>Spa\u021biul bibliotecii este organizat dup\u0103 destina\u021bie \u2013 un spa\u021biu pentru lectur\u0103, un spa\u021biu pentru activit\u0103\u021bi audio-video sau pe computer, un spa\u021biu pentru expozi\u021bii \u0219i afi\u0219aj \u2013 astfel \u00eenc\u00e2t elevii s\u0103 se poat\u0103 implica \u00een activit\u0103\u021bi \u00eentr-un mediul mai pu\u021bin formal.<\/h4>\n<h4>Biblioteca este gazda unor evenimente culturale \u0219i artistice variate, precum \u0219i pentru diverse activit\u0103\u021bi de loisir.<\/h4>\n","protected":false},"excerpt":{"rendered":"<p>Bibliotca \u0219colii a fost \u00een mod constant modernizat\u0103 \u0219i ofer\u0103 o colec\u021bie de c\u0103r\u021bi de peste 14000 de volume. Spa\u021biul bibliotecii este organizat dup\u0103 destina\u021bie \u2013 un spa\u021biu pentru lectur\u0103, un spa\u021biu pentru activit\u0103\u021bi audio-video sau pe computer, un spa\u021biu pentru expozi\u021bii \u0219i afi\u0219aj \u2013 astfel \u00eenc\u00e2t elevii s\u0103 se poat\u0103 implica \u00een activit\u0103\u021bi \u00eentr-un &hellip; <a href=\"https:\/\/spsamus.ro\/index.php\/resurse-materiale\/biblioteca\/\">Continue reading <span class=\"meta-nav\">&rarr;<\/span><\/a><\/p>\n","protected":false},"author":1,"featured_media":0,"parent":14,"menu_order":5,"comment_status":"closed","ping_status":"closed","template":"","meta":{"advgb_blocks_editor_width":"","advgb_blocks_columns_visual_guide":"","footnotes":""},"class_list":["post-347","page","type-page","status-publish","hentry"],"coauthors":[],"author_meta":{"author_link":"https:\/\/spsamus.ro\/index.php\/author\/admin_ddh3voxz\/","display_name":"admin"},"relative_dates":{"created":"Posted 3 ani ago","modified":"Updated 3 ani ago"},"absolute_dates":{"created":"Posted on octombrie 4, 2023","modified":"Updated on octombrie 4, 2023"},"absolute_dates_time":{"created":"Posted on octombrie 4, 2023 9:31 am","modified":"Updated on octombrie 4, 2023 9:31 am"},"featured_img_caption":"","featured_img":false,"series_order":"","_links":{"self":[{"href":"https:\/\/spsamus.ro\/index.php\/wp-json\/wp\/v2\/pages\/347","targetHints":{"allow":["GET"]}}],"collection":[{"href":"https:\/\/spsamus.ro\/index.php\/wp-json\/wp\/v2\/pages"}],"about":[{"href":"https:\/\/spsamus.ro\/index.php\/wp-json\/wp\/v2\/types\/page"}],"author":[{"embeddable":true,"href":"https:\/\/spsamus.ro\/index.php\/wp-json\/wp\/v2\/users\/1"}],"replies":[{"embeddable":true,"href":"https:\/\/spsamus.ro\/index.php\/wp-json\/wp\/v2\/comments?post=347"}],"version-history":[{"count":3,"href":"https:\/\/spsamus.ro\/index.php\/wp-json\/wp\/v2\/pages\/347\/revisions"}],"predecessor-version":[{"id":350,"href":"https:\/\/spsamus.ro\/index.php\/wp-json\/wp\/v2\/pages\/347\/revisions\/350"}],"up":[{"embeddable":true,"href":"https:\/\/spsamus.ro\/index.php\/wp-json\/wp\/v2\/pages\/14"}],"wp:attachment":[{"href":"https:\/\/spsamus.ro\/index.php\/wp-json\/wp\/v2\/media?parent=347"}],"curies":[{"name":"wp","href":"https:\/\/api.w.org\/{rel}","templated":true}]}}