{"id":343,"date":"2023-10-04T09:29:22","date_gmt":"2023-10-04T07:29:22","guid":{"rendered":"https:\/\/spsamus.ro\/?page_id=343"},"modified":"2023-10-04T09:29:22","modified_gmt":"2023-10-04T07:29:22","slug":"cabinete-pentru-terapia-tulburarilor-de-limbaj-si-a-terapiilor-specifice","status":"publish","type":"page","link":"https:\/\/spsamus.ro\/index.php\/resurse-materiale\/cabinete-pentru-terapia-tulburarilor-de-limbaj-si-a-terapiilor-specifice\/","title":{"rendered":"Cabinete pentru terapia tulbur\u0103rilor de limbaj \u0219i a terapiilor specifice"},"content":{"rendered":"<h4>Cele \u0219ase cabinete de terapia tulbur\u0103rilor de limbaj sunt destinate sesiunilor de terapie individual\u0103 care vizeaz\u0103 diversele dificult\u0103\u021bi de limbaj \u0219i vorbire precum tulbur\u0103rile de articulare a sunetelor, b\u00e2lb\u00e2iala, dizartria, dislexia, disgrafia.<\/h4>\n","protected":false},"excerpt":{"rendered":"<p>Cele \u0219ase cabinete de terapia tulbur\u0103rilor de limbaj sunt destinate sesiunilor de terapie individual\u0103 care vizeaz\u0103 diversele dificult\u0103\u021bi de limbaj \u0219i vorbire precum tulbur\u0103rile de articulare a sunetelor, b\u00e2lb\u00e2iala, dizartria, dislexia, disgrafia.<\/p>\n","protected":false},"author":1,"featured_media":0,"parent":14,"menu_order":4,"comment_status":"closed","ping_status":"closed","template":"","meta":{"advgb_blocks_editor_width":"","advgb_blocks_columns_visual_guide":"","footnotes":""},"class_list":["post-343","page","type-page","status-publish","hentry"],"coauthors":[],"author_meta":{"author_link":"https:\/\/spsamus.ro\/index.php\/author\/admin_ddh3voxz\/","display_name":"admin"},"relative_dates":{"created":"Posted 3 ani ago","modified":"Updated 3 ani ago"},"absolute_dates":{"created":"Posted on octombrie 4, 2023","modified":"Updated on octombrie 4, 2023"},"absolute_dates_time":{"created":"Posted on octombrie 4, 2023 9:29 am","modified":"Updated on octombrie 4, 2023 9:29 am"},"featured_img_caption":"","featured_img":false,"series_order":"","_links":{"self":[{"href":"https:\/\/spsamus.ro\/index.php\/wp-json\/wp\/v2\/pages\/343","targetHints":{"allow":["GET"]}}],"collection":[{"href":"https:\/\/spsamus.ro\/index.php\/wp-json\/wp\/v2\/pages"}],"about":[{"href":"https:\/\/spsamus.ro\/index.php\/wp-json\/wp\/v2\/types\/page"}],"author":[{"embeddable":true,"href":"https:\/\/spsamus.ro\/index.php\/wp-json\/wp\/v2\/users\/1"}],"replies":[{"embeddable":true,"href":"https:\/\/spsamus.ro\/index.php\/wp-json\/wp\/v2\/comments?post=343"}],"version-history":[{"count":1,"href":"https:\/\/spsamus.ro\/index.php\/wp-json\/wp\/v2\/pages\/343\/revisions"}],"predecessor-version":[{"id":344,"href":"https:\/\/spsamus.ro\/index.php\/wp-json\/wp\/v2\/pages\/343\/revisions\/344"}],"up":[{"embeddable":true,"href":"https:\/\/spsamus.ro\/index.php\/wp-json\/wp\/v2\/pages\/14"}],"wp:attachment":[{"href":"https:\/\/spsamus.ro\/index.php\/wp-json\/wp\/v2\/media?parent=343"}],"curies":[{"name":"wp","href":"https:\/\/api.w.org\/{rel}","templated":true}]}}