{"id":341,"date":"2023-10-04T09:28:27","date_gmt":"2023-10-04T07:28:27","guid":{"rendered":"https:\/\/spsamus.ro\/?page_id=341"},"modified":"2023-10-04T09:28:27","modified_gmt":"2023-10-04T07:28:27","slug":"laboratoare-de-informatica-si-alte-facilitati","status":"publish","type":"page","link":"https:\/\/spsamus.ro\/index.php\/resurse-materiale\/laboratoare-de-informatica-si-alte-facilitati\/","title":{"rendered":"Laboratoare de informatic\u0103 \u0219i alte facilit\u0103\u021bi."},"content":{"rendered":"<h4>Liceul are laboratoare de informatic\u0103 echipate cu computere conectate la Internet, o tabl\u0103 SMART \u0219i soft-uri educa\u021bionale. De asemenea exist\u0103 \u0219i un cabinet multimedia echipat\u0103 cu calculatoare, precum \u0219i un cabinet multisenzorial.<br \/>\nCabinetul multimedia este destinat \u00een primul r\u00e2nd activit\u0103\u021bilor de terapie educa\u021bional\u0103 complex\u0103 \u0219i integrat\u0103, precum ludoterapia, stimularea cognitiv\u0103, socializarea, formarea autonomiei personale, activit\u0103\u021bi ce se desf\u0103\u0219oar\u0103 dup\u0103-masa, dup\u0103 orele obi\u0219nuite de curs.<br \/>\nLaboratorul multimedia este un spa\u021biu echipat cu laptop-uri conectate la Internet, videoproiector, tabl\u0103 SMART.<br \/>\nCabinetul este un mediu captivant care faciliteaz\u0103 motivarea elevilor pentru \u00eenv\u0103\u021bare. Camera senzorial\u0103 pune la dispozi\u021bie un mediu multisenzorial care \u00eencorporeaz\u0103 echipamente \u0219i materiale care ofer\u0103 un spectru larg de experien\u021be senzoriale. Ea este anume proiectat\u0103 pentru a le oferi elevilor oportunitatea de a exersa abilitatea de a face alegeri. Ea une\u0219te premise cognitive, perceptuale, comportamentale, fizice \u0219i de alt\u0103 natur\u0103 pentru a oferi un sim\u021b al puterii de a decide \u0219i de a face alegeri.<\/h4>\n","protected":false},"excerpt":{"rendered":"<p>Liceul are laboratoare de informatic\u0103 echipate cu computere conectate la Internet, o tabl\u0103 SMART \u0219i soft-uri educa\u021bionale. De asemenea exist\u0103 \u0219i un cabinet multimedia echipat\u0103 cu calculatoare, precum \u0219i un cabinet multisenzorial. Cabinetul multimedia este destinat \u00een primul r\u00e2nd activit\u0103\u021bilor de terapie educa\u021bional\u0103 complex\u0103 \u0219i integrat\u0103, precum ludoterapia, stimularea cognitiv\u0103, socializarea, formarea autonomiei personale, activit\u0103\u021bi &hellip; <a href=\"https:\/\/spsamus.ro\/index.php\/resurse-materiale\/laboratoare-de-informatica-si-alte-facilitati\/\">Continue reading <span class=\"meta-nav\">&rarr;<\/span><\/a><\/p>\n","protected":false},"author":1,"featured_media":0,"parent":14,"menu_order":2,"comment_status":"closed","ping_status":"closed","template":"","meta":{"advgb_blocks_editor_width":"","advgb_blocks_columns_visual_guide":"","footnotes":""},"class_list":["post-341","page","type-page","status-publish","hentry"],"coauthors":[],"author_meta":{"author_link":"https:\/\/spsamus.ro\/index.php\/author\/admin_ddh3voxz\/","display_name":"admin"},"relative_dates":{"created":"Posted 3 ani ago","modified":"Updated 3 ani ago"},"absolute_dates":{"created":"Posted on octombrie 4, 2023","modified":"Updated on octombrie 4, 2023"},"absolute_dates_time":{"created":"Posted on octombrie 4, 2023 9:28 am","modified":"Updated on octombrie 4, 2023 9:28 am"},"featured_img_caption":"","featured_img":false,"series_order":"","_links":{"self":[{"href":"https:\/\/spsamus.ro\/index.php\/wp-json\/wp\/v2\/pages\/341","targetHints":{"allow":["GET"]}}],"collection":[{"href":"https:\/\/spsamus.ro\/index.php\/wp-json\/wp\/v2\/pages"}],"about":[{"href":"https:\/\/spsamus.ro\/index.php\/wp-json\/wp\/v2\/types\/page"}],"author":[{"embeddable":true,"href":"https:\/\/spsamus.ro\/index.php\/wp-json\/wp\/v2\/users\/1"}],"replies":[{"embeddable":true,"href":"https:\/\/spsamus.ro\/index.php\/wp-json\/wp\/v2\/comments?post=341"}],"version-history":[{"count":1,"href":"https:\/\/spsamus.ro\/index.php\/wp-json\/wp\/v2\/pages\/341\/revisions"}],"predecessor-version":[{"id":342,"href":"https:\/\/spsamus.ro\/index.php\/wp-json\/wp\/v2\/pages\/341\/revisions\/342"}],"up":[{"embeddable":true,"href":"https:\/\/spsamus.ro\/index.php\/wp-json\/wp\/v2\/pages\/14"}],"wp:attachment":[{"href":"https:\/\/spsamus.ro\/index.php\/wp-json\/wp\/v2\/media?parent=341"}],"curies":[{"name":"wp","href":"https:\/\/api.w.org\/{rel}","templated":true}]}}