{"id":337,"date":"2023-10-04T09:24:46","date_gmt":"2023-10-04T07:24:46","guid":{"rendered":"https:\/\/spsamus.ro\/?page_id=337"},"modified":"2023-10-04T09:24:46","modified_gmt":"2023-10-04T07:24:46","slug":"cabinete-pe-disicipline","status":"publish","type":"page","link":"https:\/\/spsamus.ro\/index.php\/resurse-materiale\/cabinete-pe-disicipline\/","title":{"rendered":"Cabinete pe disicipline"},"content":{"rendered":"<h4>Procesul de \u00eenv\u0103\u021bare se desf\u0103\u0219oar\u0103 \u00eentr-un num\u0103r de cabinete pe discipline, dup\u0103 cum urmeaz\u0103:<br \/>\n3 cabinete pentru studierea matematicii<br \/>\n4 cabinete pentru studierea limbii rom\u00e2ne<br \/>\n1 cabinet pentru studierea limbii engleze<br \/>\n1 cabinet pentru studierea disciplinelor socio-umane<br \/>\n1 cabinet pentru studierea geografiei<br \/>\n1 capel\u0103 pentru studierea religiei<\/h4>\n","protected":false},"excerpt":{"rendered":"<p>Procesul de \u00eenv\u0103\u021bare se desf\u0103\u0219oar\u0103 \u00eentr-un num\u0103r de cabinete pe discipline, dup\u0103 cum urmeaz\u0103: 3 cabinete pentru studierea matematicii 4 cabinete pentru studierea limbii rom\u00e2ne 1 cabinet pentru studierea limbii engleze 1 cabinet pentru studierea disciplinelor socio-umane 1 cabinet pentru studierea geografiei 1 capel\u0103 pentru studierea religiei<\/p>\n","protected":false},"author":1,"featured_media":0,"parent":14,"menu_order":0,"comment_status":"closed","ping_status":"closed","template":"","meta":{"advgb_blocks_editor_width":"","advgb_blocks_columns_visual_guide":"","footnotes":""},"class_list":["post-337","page","type-page","status-publish","hentry"],"coauthors":[],"author_meta":{"author_link":"https:\/\/spsamus.ro\/index.php\/author\/admin_ddh3voxz\/","display_name":"admin"},"relative_dates":{"created":"Posted 3 ani ago","modified":"Updated 3 ani ago"},"absolute_dates":{"created":"Posted on octombrie 4, 2023","modified":"Updated on octombrie 4, 2023"},"absolute_dates_time":{"created":"Posted on octombrie 4, 2023 9:24 am","modified":"Updated on octombrie 4, 2023 9:24 am"},"featured_img_caption":"","featured_img":false,"series_order":"","_links":{"self":[{"href":"https:\/\/spsamus.ro\/index.php\/wp-json\/wp\/v2\/pages\/337","targetHints":{"allow":["GET"]}}],"collection":[{"href":"https:\/\/spsamus.ro\/index.php\/wp-json\/wp\/v2\/pages"}],"about":[{"href":"https:\/\/spsamus.ro\/index.php\/wp-json\/wp\/v2\/types\/page"}],"author":[{"embeddable":true,"href":"https:\/\/spsamus.ro\/index.php\/wp-json\/wp\/v2\/users\/1"}],"replies":[{"embeddable":true,"href":"https:\/\/spsamus.ro\/index.php\/wp-json\/wp\/v2\/comments?post=337"}],"version-history":[{"count":1,"href":"https:\/\/spsamus.ro\/index.php\/wp-json\/wp\/v2\/pages\/337\/revisions"}],"predecessor-version":[{"id":338,"href":"https:\/\/spsamus.ro\/index.php\/wp-json\/wp\/v2\/pages\/337\/revisions\/338"}],"up":[{"embeddable":true,"href":"https:\/\/spsamus.ro\/index.php\/wp-json\/wp\/v2\/pages\/14"}],"wp:attachment":[{"href":"https:\/\/spsamus.ro\/index.php\/wp-json\/wp\/v2\/media?parent=337"}],"curies":[{"name":"wp","href":"https:\/\/api.w.org\/{rel}","templated":true}]}}