{"id":292,"date":"2023-10-02T09:23:20","date_gmt":"2023-10-02T07:23:20","guid":{"rendered":"https:\/\/spsamus.ro\/?page_id=292"},"modified":"2023-10-02T09:25:35","modified_gmt":"2023-10-02T07:25:35","slug":"termeni-si-conditii","status":"publish","type":"page","link":"https:\/\/spsamus.ro\/index.php\/termeni-si-conditii\/","title":{"rendered":"Termeni \u0219i condi\u021bii"},"content":{"rendered":"<p><strong>Acceptarea condi\u021biilor<\/strong><\/p>\n<p>Site-ul\u00a0<a href=\"https:\/\/spsamus.ro\/\">https:\/\/spsamus.ro <\/a>este ste-ul\u00a0 oficial al \u0218colii Profesionale Speciale &#8222;SAMUS&#8221; din Cluj-Napoca,\u00a0 creat pentru asigurarea unei mai mari transparen\u0163e \u015fi o mai bun\u0103 \u00een\u0163elegere a activit\u0103\u0163ilor.<\/p>\n<p>Utilizarea site-ului\u00a0<a href=\"https:\/\/spsamus.ro\/\">https:\/\/spsamus.ro<\/a>\u00a0\u00a0(denumit \u00een continuare \u201esite\u201d) presupune acceptarea \u00een totalitate a termenilor \u015fi condi\u0163iilor expuse mai jos.<\/p>\n<p>Termenii \u015fi condi\u0163iile pot fi modificate \u00een orice moment de c\u0103tre administratorul site-ului, denumit \u00een continuare \u201eAdministrator\u201d, f\u0103r\u0103 notificarea prealabil\u0103 a persoanelor care \u00eel utilizeaz\u0103, denumite \u00een continuare \u201eUtilizatori\u201d.<\/p>\n<p>Utilizatorii vor avea acces permanent la termenii \u015fi condi\u0163iile pentru utilizarea serviciilor pentru a le putea consulta \u00een orice moment.<\/p>\n<p>Acces\u00e2nd \u015fi navig\u00e2nd pe acest site, Utilizatorii accept\u0103 implicit, termenii de utilizare descri\u015fi \u00een continuare.<\/p>\n<p>\u00cen cazul \u00een care nu sunt de acord cu termenii \u015fi condi\u0163iile impuse, Utilizatorii trebuie s\u0103 \u00eenceteze accesarea acestui serviciu.<\/p>\n<p><strong>Descrierea serviciilor<\/strong><\/p>\n<p>Prin intermediul sec\u0163iunilor sale, site-ul\u00a0\u00a0<a href=\"https:\/\/spsamus.ro\/\">https:\/\/spsamus.ro<\/a> ofer\u0103 Utilizatorilor informa\u0163ii, acte normative, decizii, hot\u0103r\u00e2ri, reglement\u0103ri \u015fi \u015ftiri referitoare la activitatea \u0218colii Profesionale Speciale &#8222;SAMUS&#8221; din Cluj-Napoca.<\/p>\n<p>\u00cen cadrul domeniului\u00a0<a href=\"http:\/\/www.spsamus.ro\/\">www.spsamus.ro<\/a>, site-ul\u00a0\u00a0<a href=\"https:\/\/spsamus.ro\/\">https:\/\/spsamus.ro<\/a> este un serviciu electronic ce\u00a0 reprezint\u0103 o resurs\u0103 oferit\u0103 prin Internet cu scopul de a \u00eembun\u0103t\u0103\u0163i procesul de comunicare dintre cet\u0103\u0163eni \u015fi .<\/p>\n<p>Exist\u0103 dou\u0103 tipuri de servicii electronice oferite de siteul\u00a0\u00a0<a href=\"http:\/\/spsamusro\/\">www.spsamus.ro<\/a>:<\/p>\n<ul>\n<li>servicii de informare, care asigur\u0103 cet\u0103\u0163enilor, presei sau altor factori interesa\u0163i acces u\u015for \u015fi eficient la informa\u0163ii, facilit\u00e2nd consultarea documentelor emise de c\u0103tre \u0218coala Profesional\u0103 Special\u0103 &#8222;SAMUS&#8221; din Cluj-Napoca;<\/li>\n<\/ul>\n<p><strong>Neangajarea r\u0103spunderii<\/strong><\/p>\n<p>\u0218coala Profesional\u0103 Special\u0103 &#8222;SAMUS&#8221; din Cluj-Napoca \u00eentre\u0163ine acest domeniu pentru a \u00eenlesni accesul public la informa\u0163ii privind activit\u0103\u0163ile sale. Administratorul depune eforturi pentru ca aceste informa\u0163ii s\u0103 fie corecte \u015fi oferite la timp. La semnalarea eventualelor erori, Administratorul va \u00eencerca \u00een cel mai scurt timp, corectarea acestora.<\/p>\n<p>Informa\u0163ia oferit\u0103:<\/p>\n<ul>\n<li>este exclusiv de natur\u0103 general\u0103;<\/li>\n<li>nu este \u00een mod obligatoriu atotcuprinz\u0103toare, complet\u0103, corect\u0103 sau actualizat\u0103;<\/li>\n<li>poate con\u0163ine leg\u0103turi web spre alte site-uri aspura con\u0163inutului c\u0103rora \u0218coala Profesional\u0103 Special\u0103 &#8222;SAMUS&#8221; nu de\u0163ine nici un control \u015fi pentru care nu \u00ee\u015fi asum\u0103 nici o responsabilitate.<\/li>\n<\/ul>\n<p>Administratorul nu \u00ee\u015fi asum\u0103 nici o r\u0103spundere \u00een cazul \u00een care anumite informa\u0163ii sunt furnizate cu \u00eent\u00e2rziere, sunt pierdute, \u015fterse sau nu pot fi stocate pe serverele noastre din orice motive.<\/p>\n<p>De asemenea, nu \u00ee\u015fi asum\u0103 nici o r\u0103spundere pentru consecin\u0163ele care pot ap\u0103rea datorit\u0103 \u00eent\u00e2rzierii, pierderii sau inexactit\u0103\u0163ii informa\u0163iilor publicate sau existente pe site.<\/p>\n<p>Utilizatorii vor folosi informa\u0163iile furnizate \u00een cadrul site-ului pe propria r\u0103spundere, iar \u00een cazul unei daune generate de utilizarea serviciilor sau informa\u0163iilor furnizate, Utilizatorii accept\u0103 ca Administratorul va fi absolvit de orice r\u0103spundere.<\/p>\n<p>No\u0163iunea de neangajare a r\u0103spunderii nu se r\u0103sfr\u00e2nge \u015fi asupra obliga\u0163iei \u0218colii Profesionale Speciale &#8222;SAMUS&#8221; din Cluj-Napoca\u00a0 de a respecta legisla\u0163ia \u00een vigoare \u015fi nu poate exclude obliga\u0163iile \u0218colii Profesionale Speciale &#8222;SAMUS&#8221; din Cluj-Napoca impuse de lege.<\/p>\n<p><strong>Reguli generale<\/strong><\/p>\n<p>Administratorul siteului declar\u0103 urm\u0103toarele:<\/p>\n<ul>\n<li>va depune toate eforturile rezonabile pentru realizarea scopului siteului;<\/li>\n<li>va depune toate eforturile (din punct de vedere tehnic sau de alt\u0103 natur\u0103) pentru func\u0163ionarea \u00een bune condi\u0163ii a siteului; cu toate acestea, pot exista \u00eentreruperi \u00een func\u0163ionare, sau imposibilit\u0103\u0163i de accesare de c\u0103tre Utilizatori, pe o perioad\u0103 nedeterminat\u0103 de timp, din orice motive;<\/li>\n<li>pe m\u0103sura apari\u0163iei unor situa\u0163ii noi de orice natur\u0103 ce impun acest lucru, Administratorul poate modifica condi\u0163iile \u015fi termenii de utilizare.<\/li>\n<\/ul>\n","protected":false},"excerpt":{"rendered":"<p>Acceptarea condi\u021biilor Site-ul\u00a0https:\/\/spsamus.ro este ste-ul\u00a0 oficial al \u0218colii Profesionale Speciale &#8222;SAMUS&#8221; din Cluj-Napoca,\u00a0 creat pentru asigurarea unei mai mari transparen\u0163e \u015fi o mai bun\u0103 \u00een\u0163elegere a activit\u0103\u0163ilor. Utilizarea site-ului\u00a0https:\/\/spsamus.ro\u00a0\u00a0(denumit \u00een continuare \u201esite\u201d) presupune acceptarea \u00een totalitate a termenilor \u015fi condi\u0163iilor expuse mai jos. Termenii \u015fi condi\u0163iile pot fi modificate \u00een orice moment de c\u0103tre administratorul &hellip; <a href=\"https:\/\/spsamus.ro\/index.php\/termeni-si-conditii\/\">Continue reading <span class=\"meta-nav\">&rarr;<\/span><\/a><\/p>\n","protected":false},"author":1,"featured_media":0,"parent":0,"menu_order":0,"comment_status":"closed","ping_status":"closed","template":"","meta":{"advgb_blocks_editor_width":"","advgb_blocks_columns_visual_guide":"","footnotes":""},"class_list":["post-292","page","type-page","status-publish","hentry"],"coauthors":[],"author_meta":{"author_link":"https:\/\/spsamus.ro\/index.php\/author\/admin_ddh3voxz\/","display_name":"admin"},"relative_dates":{"created":"Posted 3 ani ago","modified":"Updated 3 ani ago"},"absolute_dates":{"created":"Posted on octombrie 2, 2023","modified":"Updated on octombrie 2, 2023"},"absolute_dates_time":{"created":"Posted on octombrie 2, 2023 9:23 am","modified":"Updated on octombrie 2, 2023 9:25 am"},"featured_img_caption":"","featured_img":false,"series_order":"","_links":{"self":[{"href":"https:\/\/spsamus.ro\/index.php\/wp-json\/wp\/v2\/pages\/292","targetHints":{"allow":["GET"]}}],"collection":[{"href":"https:\/\/spsamus.ro\/index.php\/wp-json\/wp\/v2\/pages"}],"about":[{"href":"https:\/\/spsamus.ro\/index.php\/wp-json\/wp\/v2\/types\/page"}],"author":[{"embeddable":true,"href":"https:\/\/spsamus.ro\/index.php\/wp-json\/wp\/v2\/users\/1"}],"replies":[{"embeddable":true,"href":"https:\/\/spsamus.ro\/index.php\/wp-json\/wp\/v2\/comments?post=292"}],"version-history":[{"count":2,"href":"https:\/\/spsamus.ro\/index.php\/wp-json\/wp\/v2\/pages\/292\/revisions"}],"predecessor-version":[{"id":295,"href":"https:\/\/spsamus.ro\/index.php\/wp-json\/wp\/v2\/pages\/292\/revisions\/295"}],"wp:attachment":[{"href":"https:\/\/spsamus.ro\/index.php\/wp-json\/wp\/v2\/media?parent=292"}],"curies":[{"name":"wp","href":"https:\/\/api.w.org\/{rel}","templated":true}]}}