{"id":281,"date":"2023-10-02T04:51:29","date_gmt":"2023-10-02T04:51:29","guid":{"rendered":"https:\/\/spsamus.ro\/?page_id=281"},"modified":"2026-04-29T12:43:48","modified_gmt":"2026-04-29T10:43:48","slug":"oferta-educationala","status":"publish","type":"page","link":"https:\/\/spsamus.ro\/index.php\/despre-noi\/oferta-educationala\/","title":{"rendered":"Oferta educa\u021bional\u0103"},"content":{"rendered":"<p><!--more-->Oferta educa\u021bional\u0103 a \u0218colii Profesionale Speciale \u201eSamus\u201d se adreseaz\u0103 urm\u0103toarelor niveluri educa\u021bionale: nivel gimnazial, nivel \u0219coal\u0103 profesional\u0103. \u00cen prezent, \u0219coala are\u00a0 clase gimnaziale \u0219i clase de \u0219coal\u0103 profesional\u0103. Clasele de \u0219coal\u0103 profesional\u0103 preg\u0103tesc elevii pentru urm\u0103toarele meserii: cofetar-patiser, frizerie, construc\u021bii, tinichigerie auto, t\u00e2mpl\u0103rie, horticultur\u0103, instala\u021bii.<\/p>\n<h3><a href=\"https:\/\/spsamus.ro\/wp-content\/uploads\/2026\/04\/Oferta-educationala-2026-2027.pdf\">Descarca oferta educationala 2026-2027<\/a><\/h3>\n<p><img loading=\"lazy\" decoding=\"async\" class=\"alignnone  wp-image-1140\" src=\"https:\/\/spsamus.ro\/wp-content\/uploads\/2026\/04\/Oferta-1-300x212.jpg\" alt=\"\" width=\"615\" height=\"435\" srcset=\"https:\/\/spsamus.ro\/wp-content\/uploads\/2026\/04\/Oferta-1-300x212.jpg 300w, https:\/\/spsamus.ro\/wp-content\/uploads\/2026\/04\/Oferta-1-1024x724.jpg 1024w, https:\/\/spsamus.ro\/wp-content\/uploads\/2026\/04\/Oferta-1-768x543.jpg 768w, https:\/\/spsamus.ro\/wp-content\/uploads\/2026\/04\/Oferta-1-1536x1086.jpg 1536w, https:\/\/spsamus.ro\/wp-content\/uploads\/2026\/04\/Oferta-1-2048x1448.jpg 2048w\" sizes=\"auto, (max-width: 615px) 100vw, 615px\" \/><\/p>\n<p><img loading=\"lazy\" decoding=\"async\" class=\"alignnone  wp-image-1141\" src=\"https:\/\/spsamus.ro\/wp-content\/uploads\/2026\/04\/Oferta-2-300x212.jpg\" alt=\"\" width=\"606\" height=\"428\" srcset=\"https:\/\/spsamus.ro\/wp-content\/uploads\/2026\/04\/Oferta-2-300x212.jpg 300w, https:\/\/spsamus.ro\/wp-content\/uploads\/2026\/04\/Oferta-2-1024x724.jpg 1024w, https:\/\/spsamus.ro\/wp-content\/uploads\/2026\/04\/Oferta-2-768x543.jpg 768w, https:\/\/spsamus.ro\/wp-content\/uploads\/2026\/04\/Oferta-2-1536x1086.jpg 1536w, https:\/\/spsamus.ro\/wp-content\/uploads\/2026\/04\/Oferta-2-2048x1448.jpg 2048w\" sizes=\"auto, (max-width: 606px) 100vw, 606px\" \/><\/p>\n<p>&nbsp;<\/p>\n<h2><a href=\"https:\/\/spsamus.ro\/wp-content\/uploads\/2024\/01\/Oferta-educationala-2024-2025.pdf\">Descarc\u0103 oferta educa\u021bional\u0103 2024-2025<\/a><\/h2>\n<div id=\"sf-9-2\">\n\t<div class=\"fullscreen-container-2 hidden-2\">\n\t\t<div class='fullscreen-div-2'>\n\t\t\t<img decoding=\"async\" class=\"remove-fullscreen-2\" src=\"https:\/\/spsamus.ro\/wp-content\/plugins\/slider-factory\/layouts\/assets\/9\/icons\/remove_icon.webp\" width=\"60\" \/>\n\t\t<\/div>\n\t<\/div>\n\n\t<div id=\"sf-9-gallery-2\">\n\t\t<div id=\"slide-2\">\n\t\t\t<div class=\"counter-2\"><\/div>\n\t\t\t<a class=\"prev-2\">&#x2039;<\/a>\n\t\t\t<a class=\"next-2\">&#x203A;<\/a>\n\t\t\t\t\t\t<img decoding=\"async\" class=\"toggleDiapo-2\" src=\"https:\/\/spsamus.ro\/wp-content\/plugins\/slider-factory\/layouts\/assets\/9\/icons\/pause_diapo.png\" width=\"40\" \/>\n\t\t\t\t\t\t\n\t\t\t<img decoding=\"async\" class=\"fullscreen-2\" src=\"https:\/\/spsamus.ro\/wp-content\/plugins\/slider-factory\/layouts\/assets\/9\/icons\/fullscreen.png\" width=\"40\" \/>\n\t\t\t<img id='preview-2' \/>\n\t\t<\/div>\n\n\t\t<div class=\"caption-container-2\">\n\t\t\t<span id=\"caption-2\"><\/span>\n\t\t<\/div>\n\n\t\t<div id=\"thumbnails\" style=\"text-align:center; display: none;\">\n\t\t\t<div class=\"wrapper-2\">\n\t\t\t\t\t\t\t\t\t\t<img decoding=\"async\" class=\"thumbnail-2\" src=\"https:\/\/spsamus.ro\/wp-content\/uploads\/2024\/02\/Oferta-educationala-2024-2025_00002.jpg\" alt=\"Oferta-educationala-2024-2025_1\">\n\t\t\t\t\t\t\t\t\t\t\t\t<img decoding=\"async\" class=\"thumbnail-2\" src=\"https:\/\/spsamus.ro\/wp-content\/uploads\/2024\/02\/Oferta-educationala-2024-2025_00001.jpg\" alt=\"Oferta-educationala-2024-2025_2\">\n\t\t\t\t\t\t\t\t\t<\/div>\n\t\t<\/div>\n\t<\/div>\n<\/div>\n\n<style>\n#sf-9-2 {\n\twidth: 100% !important;\n}\n\n#img-2 {\n\n}\n\n.caption-container-2 {\n\tbackground-color: #000000;\n\ttext-align: center;\n\tpadding: 6px 8px;\n\tcolor : #ffffff;\n\twidth: 100% !important;\n}\n\n#thumbnails {\n\twhite-space: nowrap;\n\theight: 20%;\n\twidth: 100%;\n}\n\n.wrapper-2 {\n\tposition: relative;\n\toverflow: scroll;\n\tscroll-behavior: smooth;\n\twidth: 100% !important;\n}\n\n.wrapper-2::-webkit-scrollbar {\n\tdisplay: none;\n}\n\n\/* Hide scrollbar for IE and Edge *\/\n.wrapper-2 {\n\t-ms-overflow-style: none;\n}\n\n#slide-2 {\n\tposition: relative;\n\toverflow: hidden;\n}\n\n#preview-2 {\n\theight: 700px !important;\n\twidth: 100% !important;\n\tobject-fit: fill; \/*Object-fit properties are cover, contain, fit ,scale-down and none. *\/\n}\n\n.thumbnail-2 {\n\twidth: 170px;\n\theight: 140px;\n\topacity: 0.5;\n\tdisplay: unset !important;\n}\n\n.selected-2 {\n\topacity: 1;\n}\n\n.thumbnail-2:hover {\n\topacity: 1;\n}\n\n#sf-9-gallery-2 {\n\twidth: 100%;\n\tmargin: auto;\n\tpadding: auto;\n}\n\n\/* .caption-container {\n\tbackground-color :#252525;\n\ttext-align: center;\n\tpadding: 6px 8px;\n\tcolor : red;\n} OLD CONTAINER CSS *\/\n\n.prev-2,\n.next-2 {\n\tcursor: pointer;\n\tposition: absolute;\n\ttop: 50%;\n\twidth: auto;\n\tpadding: 16px;\n\tmargin-top: -50px;\n\tcolor: white;\n\tfont-weight: bold;\n\tfont-size: 100px;\n\tborder-radius: 0 3px 3px 0;\n\tuser-select: none;\n\t-webkit-user-select: none;\n}\n\n.next-2 {\n\tright: 0;\n}\n\n.prev-2 {\n\tleft: 0;\n}\n\n.toggleDiapo-2 {\n\tposition: absolute;\n\tbottom: 0;\n\tleft: 50%;\n\tmargin-left: -30px;\n\tfont-size: 30px;\n\tcolor: goldenrod;\n\tfont-weight: bold;\n\tcursor: pointer;\n\tpadding: 5px;\n\tuser-select: none;\n\t-webkit-user-select: none;\n}\n\n.fullscreen-2 {\n\tposition: absolute;\n\ttop: 10px;\n\tright: 10px;\n\tcursor: pointer;\n\tuser-select: none;\n}\n\n.prev-2:hover,\n.next-2:hover,\n.toggleDiapo-2:hover,\n.fullscreen-2:hover {\n\tbackground-color: rgba(0, 0, 0, 0.8);\n}\n\n.counter-2 {\n\tposition: absolute;\n\tborder-radius: 50%;\n\tdisplay: inline-flex;\n\talign-items: center;\n\tjustify-content: center;\n\twidth: 50px;\n\theight: 50px;\n\ttop: 1.4%;\n\tleft: 0.9%;\n\tbackground-color: rgba(0, 0, 0, 0.8);\n\tborder: 2px solid rgb(212, 207, 207);\n\tcolor: white;\n\tfont: 1.5em Arial, sans-serif;\n}\n\n.fullscreen-container-2 {\n\tposition: fixed;\n\ttop: 0;\n\tleft: 0;\n\tbottom: 0;\n\tright: 0;\n\tz-index: 10 ;\n\tbackground-color: rgba(0, 0, 0, 0.9) ;\n\tdisplay: block ;\n}\n\n.fullscreen-div-2 {\n\twidth: 100% !important; \n\theight: 100% !important;\n\tdisplay: block ;\n\tmargin: auto;\n\tposition: relative;\n\ttop: 0;\n\tbottom: 0;\n\tleft: 0;\n\tright: 0;\n\tbox-sizing: content-box;\n}\n\n.hidden-2 {\n\tdisplay: none;\n}\n\n.counter-2,\n.fullscreen-2,\n.prev-2,\n.next-2,\n.toggleDiapo-2 {\n\tz-index: 5;\n}\n\n.remove-fullscreen-2 {\n\tposition: absolute;\n\ttop: 0;\n\tright: 0;\n\tcursor: pointer;\n}\n\n.remove-fullscreen-2:hover {\n\tbackground-color: rgba(0, 0, 0, 0.8);\n}\n<\/style>\n<script>\nwindow.myNameSpace = window.myNameSpace || {};\n\njQuery(function () {\n\n\t\/\/ load images\n\tjQuery.fn.addImage = function (filename, description) {\n\t\tvar img = document.createElement('img');\n\t\timg.src = \"images\/\" + filename;\n\t\timg.alt = description;\n\t\timg.className = \"thumbnail-2\";\n\t\tjQuery(this).append(img);\n\t}\n\n\t\/\/ check if element is hidden after scrollbar\n\tjQuery.fn.overflown = function () {\n\t\tvar limitLeft = jQuery('.wrapper-2').offset().left;\n\t\tvar limitRight = limitLeft + jQuery('.wrapper-2').width();\n\t\tvar elemOffsetLeft = jQuery(this[0]).offset().left;\n\t\tvar elemOffsetRight = elemOffsetLeft + jQuery(this[0]).width() \/ 2;\n\t\treturn (elemOffsetRight > limitRight || elemOffsetLeft < limitLeft) ? true : false;\n\t}\n\n\t\/\/ scroll to the end of element\n\tfunction scrollToElement(el, direction) {\n\t\telement_width = el.width();\n\t\tscroll_left = jQuery('.wrapper-2')[0].scrollLeft;\n\t\tif (direction == 'next')\n\t\t\tjQuery('.wrapper-2')[0].scrollTo(scroll_left + element_width, 0);\n\t\telse if (direction == 'prev')\n\t\t\tjQuery('.wrapper-2')[0].scrollTo(scroll_left - element_width, 0);\n\t}\n\n\tfunction showNextImg() {\n\t\tclearInterval(interv);\n\t\t\n\t\tinterv = setInterval(showNextImg, 4000);\n\t\t\n\t\tvar el = jQuery('.selected-2');\n\t\tvar counter = jQuery('.counter-2');\n\t\tif (el.next().length != 0) {\n\t\t\tcounter.text(el.index() + 1);\n\t\t\tif (el.next().overflown())\n\t\t\t\tscrollToElement(el, 'next');\n\t\t\t\/\/el.fadeOut(200, () => {\n\t\t\t\tel.next().trigger('click');\n\t\t\t\tel.show();\n\t\t\t\/\/});\n\t\t}\n\t\telse {\n\t\t\tjQuery('.thumbnail-2:first').trigger('click');\n\t\t\tjQuery('.wrapper-2')[0].scrollTo(0, 0);\n\t\t\tcounter.text('1');\n\t\t}\n\t\tjQuery('.toggleDiapo-2').attr('src', \"https:\/\/spsamus.ro\/wp-content\/plugins\/slider-factory\/layouts\/assets\/9\/icons\/pause_diapo.png\");\n\t}\n\n\tfunction showPrevImg() {\n\t\tclearInterval(interv);\n\t\t\n\t\tinterv = setInterval(showNextImg, 4000);\n\t\t\n\t\tvar el = jQuery('.selected-2');\n\t\tvar counter = jQuery('.counter-2');\n\t\tif (el.prev().length != 0) {\n\t\t\tcounter.text(el.index() + 1);\n\t\t\tif (el.prev().overflown())\n\t\t\t\tscrollToElement(el, 'prev');\n\t\t\tel.prev().trigger('click');\n\t\t}\n\t\telse {\n\t\t\tjQuery('.thumbnail-2:last').trigger('click');\n\t\t\tjQuery('.wrapper-2')[0].scrollTo(jQuery('.wrapper-2')[0].scrollWidth, 0);\n\t\t\tcounter.text(jQuery('.thumbnail-2:last').index() + 1);\n\t\t}\n\t\tjQuery('.toggleDiapo-2').attr('src', \"https:\/\/spsamus.ro\/wp-content\/plugins\/slider-factory\/layouts\/assets\/9\/icons\/pause_diapo.png\");\n\t}\n\n\tfunction previewImg(e) {\n\t\tif (e.originalEvent !== undefined) {\n\t\t\tjQuery('.toggleDiapo-2').attr('src', \"https:\/\/spsamus.ro\/wp-content\/plugins\/slider-factory\/layouts\/assets\/9\/icons\/play_diapo.png\");\n\t\t\tinterv = clearInterval(interv);\n\t\t}\n\t\tvar wrapper = jQuery('.wrapper-2');\n\t\tvar index = jQuery(this).index();\n\t\tjQuery('.selected-2').toggleClass('selected-2');\n\t\tjQuery(this).toggleClass('selected-2')\n\t\tjQuery(\"#caption-2\").text(jQuery('.selected-2').attr('alt'));\n\t\tjQuery('.counter-2').text(index + 1);\n\t\tvar src = jQuery(this).attr('src');\n\t\tjQuery('#preview-2').fadeOut(300, () => {\n\t\t\tjQuery('#preview-2').attr('src', src);\n\t\t\tjQuery('#preview-2').fadeIn(300);\n\t\t});\n\t}\n\n\tfunction toggleDiapo() {\n\t\tinterv = (interv != null) ? clearInterval(interv) : setInterval(showNextImg, 4000);\n\t\tvar src = jQuery('.toggleDiapo-2').attr('src');\n\t\tif (src == \"https:\/\/spsamus.ro\/wp-content\/plugins\/slider-factory\/layouts\/assets\/9\/icons\/play_diapo.png\")\n\t\t\tjQuery('.toggleDiapo-2').attr('src', \"https:\/\/spsamus.ro\/wp-content\/plugins\/slider-factory\/layouts\/assets\/9\/icons\/pause_diapo.png\");\n\t\telse\n\t\t\tjQuery('.toggleDiapo-2').attr('src', \"https:\/\/spsamus.ro\/wp-content\/plugins\/slider-factory\/layouts\/assets\/9\/icons\/play_diapo.png\");\n\t}\n\n\tfunction goFullscreen() {\n\t\tjQuery('.toggleDiapo-2').attr('src', \"https:\/\/spsamus.ro\/wp-content\/plugins\/slider-factory\/layouts\/assets\/9\/icons\/remove_icon.webp\");\n\t\tinterv = clearInterval(interv);\n\n\t\tvar selected = jQuery('.selected-2').attr('src');\n\t\tvar container = jQuery('.fullscreen-container-2');\n\t\tjQuery('.fullscreen-div-2').css({\n\t\t\t'background-image': 'url(' + selected + ')',\n\t\t\t'background-size': 'contain',\n\t\t\t'background-repeat': 'no-repeat',\n\t\t\t'background-position': 'center'\n\t\t});\n\t\tcontainer.fadeIn('slow');\n\t\tcontainer.on('click', function () {\n\t\t\tjQuery(this).fadeOut('slow');\n\t\t});\n\t}\n\n\t\/\/ show first image\n\tvar first = jQuery('.thumbnail-2:first').toggleClass('selected-2');\n\tjQuery('.counter-2').text('1');\n\tjQuery('#preview-2').attr('src', first.attr('src'));\n\tjQuery(\"#caption-2\").text(first.attr('alt'));\n\t\/\/ start auto diapo\n\tvar interv;\n\t\tinterv = setInterval(showNextImg, 4000);\n\t\t\n\t\/\/ setup event listeners\n\tjQuery('.next-2').on('click', showNextImg);\n\tjQuery('.prev-2').on('click', showPrevImg);\n\tjQuery('.thumbnail-2').on('click', previewImg);\n\tjQuery('.toggleDiapo-2').on('click', toggleDiapo);\n\tjQuery('.fullscreen-2').on('click', goFullscreen);\n\n});\n<\/script>\n\n<p>&nbsp;<\/p>\n<h3><a href=\"https:\/\/www.youtube.com\/watch?v=_ShQ-BcE-54\">Oferta educationala 2024-2025<\/a><\/h3>\n<p><iframe loading=\"lazy\" title=\"Oferta educationala Samus 2024-2025\" width=\"600\" height=\"338\" src=\"https:\/\/www.youtube.com\/embed\/_ShQ-BcE-54?list=PLUcD-8v9_FJA8ZVBBpr8j_hKBf4dk155Z\" frameborder=\"0\" allow=\"accelerometer; autoplay; clipboard-write; encrypted-media; gyroscope; picture-in-picture; web-share\" referrerpolicy=\"strict-origin-when-cross-origin\" allowfullscreen><\/iframe><\/p>\n<p>&nbsp;<\/p>\n","protected":false},"excerpt":{"rendered":"","protected":false},"author":1,"featured_media":0,"parent":10,"menu_order":3,"comment_status":"closed","ping_status":"closed","template":"","meta":{"advgb_blocks_editor_width":"","advgb_blocks_columns_visual_guide":"","footnotes":""},"class_list":["post-281","page","type-page","status-publish","hentry"],"coauthors":[],"author_meta":{"author_link":"https:\/\/spsamus.ro\/index.php\/author\/admin_ddh3voxz\/","display_name":"admin"},"relative_dates":{"created":"Posted 3 ani ago","modified":"Updated 3 zile ago"},"absolute_dates":{"created":"Posted on octombrie 2, 2023","modified":"Updated on aprilie 29, 2026"},"absolute_dates_time":{"created":"Posted on octombrie 2, 2023 4:51 am","modified":"Updated on aprilie 29, 2026 12:43 pm"},"featured_img_caption":"","featured_img":false,"series_order":"","_links":{"self":[{"href":"https:\/\/spsamus.ro\/index.php\/wp-json\/wp\/v2\/pages\/281","targetHints":{"allow":["GET"]}}],"collection":[{"href":"https:\/\/spsamus.ro\/index.php\/wp-json\/wp\/v2\/pages"}],"about":[{"href":"https:\/\/spsamus.ro\/index.php\/wp-json\/wp\/v2\/types\/page"}],"author":[{"embeddable":true,"href":"https:\/\/spsamus.ro\/index.php\/wp-json\/wp\/v2\/users\/1"}],"replies":[{"embeddable":true,"href":"https:\/\/spsamus.ro\/index.php\/wp-json\/wp\/v2\/comments?post=281"}],"version-history":[{"count":14,"href":"https:\/\/spsamus.ro\/index.php\/wp-json\/wp\/v2\/pages\/281\/revisions"}],"predecessor-version":[{"id":1148,"href":"https:\/\/spsamus.ro\/index.php\/wp-json\/wp\/v2\/pages\/281\/revisions\/1148"}],"up":[{"embeddable":true,"href":"https:\/\/spsamus.ro\/index.php\/wp-json\/wp\/v2\/pages\/10"}],"wp:attachment":[{"href":"https:\/\/spsamus.ro\/index.php\/wp-json\/wp\/v2\/media?parent=281"}],"curies":[{"name":"wp","href":"https:\/\/api.w.org\/{rel}","templated":true}]}}