{"id":267,"date":"2023-10-01T11:42:38","date_gmt":"2023-10-01T11:42:38","guid":{"rendered":"https:\/\/spsamus.ro\/?page_id=267"},"modified":"2023-10-04T09:49:37","modified_gmt":"2023-10-04T07:49:37","slug":"facilitati","status":"publish","type":"page","link":"https:\/\/spsamus.ro\/index.php\/despre-noi\/facilitati\/","title":{"rendered":"Facilit\u0103\u021bi"},"content":{"rendered":"<ul>\n<li>\n<h4><span style=\"color: #000000;\">Cabinete de terapii specifice<\/span><\/h4>\n<\/li>\n<li>\n<h4><span style=\"color: #000000;\">S\u0103li de clas\u0103 organizate pe cabinete de specialitate dotate cu calculatoare \u0219i conexiuni la internet<\/span><\/h4>\n<\/li>\n<li>\n<h4><span style=\"color: #000000;\">Laboratoare de informatic\u0103 cu conexiune la internet,videoproiector \u0219i tabl\u0103 SMART<\/span><\/h4>\n<\/li>\n<li>\n<h4><span style=\"color: #000000;\">Ateliere \u0219cola\u0103 dotate modern pentru toate meseriile<\/span><\/h4>\n<\/li>\n<li>\n<h4><span style=\"color: #000000;\">Cabinet de asisten\u021b\u0103 social\u0103<\/span><\/h4>\n<\/li>\n<li>\n<h4><span style=\"color: #000000;\">Cabinet multisenzorial<\/span><\/h4>\n<\/li>\n<li>\n<h4><span style=\"color: #000000;\">Cabinete medicale: pediatrie \u0219i stomatologie<\/span><\/h4>\n<\/li>\n<li>\n<h4><span style=\"color: #000000;\">Sal\u0103 de sport<\/span><\/h4>\n<\/li>\n<li>\n<h4><span style=\"color: #000000;\">Cabinete kinetoterapie<\/span><\/h4>\n<\/li>\n<li>\n<h4><span style=\"color: #000000;\">Biblioteca<\/span><\/h4>\n<\/li>\n<li>\n<h3><span style=\"color: #000000;\"><strong>Internat<\/strong><\/span><\/h3>\n<\/li>\n<\/ul>\n<h3><span style=\"color: #0000ff;\"><strong>BURSE<\/strong><\/span><\/h3>\n<ul>\n<li>\n<h4><span style=\"color: #0000ff;\">Burs\u0103 profesional\u0103<\/span><\/h4>\n<\/li>\n<li>\n<h4><span style=\"color: #0000ff;\">Burs\u0103 pentru rechizite \u0219colare \u0219i pentru \u00eembr\u0103c\u0103minte<\/span><\/h4>\n<\/li>\n<\/ul>\n<p><!--more--><\/p>\n<p><!--more--><\/p>\n","protected":false},"excerpt":{"rendered":"<p>Cabinete de terapii specifice S\u0103li de clas\u0103 organizate pe cabinete de specialitate dotate cu calculatoare \u0219i conexiuni la internet Laboratoare de informatic\u0103 cu conexiune la internet,videoproiector \u0219i tabl\u0103 SMART Ateliere \u0219cola\u0103 dotate modern pentru toate meseriile Cabinet de asisten\u021b\u0103 social\u0103 Cabinet multisenzorial Cabinete medicale: pediatrie \u0219i stomatologie Sal\u0103 de sport Cabinete kinetoterapie Biblioteca Internat BURSE &hellip; <a href=\"https:\/\/spsamus.ro\/index.php\/despre-noi\/facilitati\/\">Continue reading <span class=\"meta-nav\">&rarr;<\/span><\/a><\/p>\n","protected":false},"author":1,"featured_media":0,"parent":10,"menu_order":3,"comment_status":"closed","ping_status":"closed","template":"","meta":{"advgb_blocks_editor_width":"","advgb_blocks_columns_visual_guide":"","footnotes":""},"class_list":["post-267","page","type-page","status-publish","hentry"],"coauthors":[],"author_meta":{"author_link":"https:\/\/spsamus.ro\/index.php\/author\/admin_ddh3voxz\/","display_name":"admin"},"relative_dates":{"created":"Posted 3 ani ago","modified":"Updated 3 ani ago"},"absolute_dates":{"created":"Posted on octombrie 1, 2023","modified":"Updated on octombrie 4, 2023"},"absolute_dates_time":{"created":"Posted on octombrie 1, 2023 11:42 am","modified":"Updated on octombrie 4, 2023 9:49 am"},"featured_img_caption":"","featured_img":false,"series_order":"","_links":{"self":[{"href":"https:\/\/spsamus.ro\/index.php\/wp-json\/wp\/v2\/pages\/267","targetHints":{"allow":["GET"]}}],"collection":[{"href":"https:\/\/spsamus.ro\/index.php\/wp-json\/wp\/v2\/pages"}],"about":[{"href":"https:\/\/spsamus.ro\/index.php\/wp-json\/wp\/v2\/types\/page"}],"author":[{"embeddable":true,"href":"https:\/\/spsamus.ro\/index.php\/wp-json\/wp\/v2\/users\/1"}],"replies":[{"embeddable":true,"href":"https:\/\/spsamus.ro\/index.php\/wp-json\/wp\/v2\/comments?post=267"}],"version-history":[{"count":8,"href":"https:\/\/spsamus.ro\/index.php\/wp-json\/wp\/v2\/pages\/267\/revisions"}],"predecessor-version":[{"id":364,"href":"https:\/\/spsamus.ro\/index.php\/wp-json\/wp\/v2\/pages\/267\/revisions\/364"}],"up":[{"embeddable":true,"href":"https:\/\/spsamus.ro\/index.php\/wp-json\/wp\/v2\/pages\/10"}],"wp:attachment":[{"href":"https:\/\/spsamus.ro\/index.php\/wp-json\/wp\/v2\/media?parent=267"}],"curies":[{"name":"wp","href":"https:\/\/api.w.org\/{rel}","templated":true}]}}