{"id":149,"date":"2023-09-29T07:27:49","date_gmt":"2023-09-29T07:27:49","guid":{"rendered":"https:\/\/spsamus.ro\/?page_id=149"},"modified":"2023-11-02T16:07:21","modified_gmt":"2023-11-02T14:07:21","slug":"patratul-fara-laturi","status":"publish","type":"page","link":"https:\/\/spsamus.ro\/index.php\/proiecte\/patratul-fara-laturi\/","title":{"rendered":"P\u0103tratul f\u0103r\u0103 laturi"},"content":{"rendered":"<p><strong><a href=\"https:\/\/spsamus.ro\/wp-content\/uploads\/2023\/09\/Comunicat-de-presa.pdf\">Comunicat de presa<\/a><\/strong><\/p>\n<p><strong><a href=\"https:\/\/spsamus.ro\/wp-content\/uploads\/2023\/09\/Anunt_1.pdf\">Anun\u021b elevi<\/a><\/strong><\/p>\n<p><strong><a href=\"https:\/\/spsamus.ro\/wp-content\/uploads\/2023\/09\/Anunt_1-1.pdf\">Metodologie elevi<\/a><\/strong><\/p>\n<p><strong><a href=\"https:\/\/spsamus.ro\/wp-content\/uploads\/2023\/09\/Anexa-1-1.pdf\">Anexa 1 elevi<\/a><\/strong><\/p>\n<h4><strong><a href=\"https:\/\/spsamus.ro\/wp-content\/uploads\/2023\/09\/Anexa-2.pdf\">Anexa 2 elevi<\/a><\/strong><\/h4>\n<h4><strong><a href=\"https:\/\/spsamus.ro\/wp-content\/uploads\/2023\/09\/Anexa-6.pdf\">Anexa 6<\/a> elevi<\/strong><\/h4>\n<h4><a href=\"https:\/\/spsamus.ro\/wp-content\/uploads\/2023\/09\/Anunt_2.pdf\"><strong>Anunt personal<\/strong><\/a><\/h4>\n<h4><strong><a href=\"https:\/\/spsamus.ro\/wp-content\/uploads\/2023\/09\/Metodologie_personal-Metodologie_1.pdf\">Metodologie personal<\/a>\u00a0<\/strong><\/h4>\n<h4><strong><a href=\"https:\/\/spsamus.ro\/wp-content\/uploads\/2023\/09\/Anexa1-Personal-Anexa-1_1.pdf\">Anexa 1- Personal Anexa 1<\/a><\/strong><\/h4>\n<h4><strong><a href=\"https:\/\/spsamus.ro\/wp-content\/uploads\/2023\/09\/Anexa_2-personal-Anexa-2_1.pdf\">Anexa 2 Personal Anexa 2<\/a><\/strong><\/h4>\n<h4><strong><a href=\"https:\/\/spsamus.ro\/wp-content\/uploads\/2023\/09\/Anunt-solicitare-oferta-1.pdf\">Anunt solicitare ofert\u0103 de catering <\/a><\/strong><\/h4>\n<h4><a href=\"https:\/\/spsamus.ro\/wp-content\/uploads\/2023\/10\/Anunt-solicitare-oferta-MOBILIER-proiect-Patratul-fara-laturi.pdf\">Anunt solicitare oferta MOBILIER proiect Patratul fara laturi<\/a><\/h4>\n<h4><a href=\"https:\/\/spsamus.ro\/wp-content\/uploads\/2023\/11\/Caiet-de-sarcini-achizitie-mobilier.pdf\">Caiet de sarcini achizitie mobilier<\/a><\/h4>\n<h4><a href=\"https:\/\/spsamus.ro\/wp-content\/uploads\/2023\/10\/Anunt-solicitare-oferta-materiale-sustinere-activitati-proiect-Patratul-fara-laturi.pdf\">Anunt solicitare oferta materiale sustinere activitati proiect Patratul fara laturi<\/a><\/h4>\n<p>&nbsp;<\/p>\n<p>&nbsp;<\/p>\n","protected":false},"excerpt":{"rendered":"<p>Comunicat de presa Anun\u021b elevi Metodologie elevi Anexa 1 elevi Anexa 2 elevi Anexa 6 elevi Anunt personal Metodologie personal\u00a0 Anexa 1- Personal Anexa 1 Anexa 2 Personal Anexa 2 Anunt solicitare ofert\u0103 de catering Anunt solicitare oferta MOBILIER proiect Patratul fara laturi Caiet de sarcini achizitie mobilier Anunt solicitare oferta materiale sustinere activitati proiect &hellip; <a href=\"https:\/\/spsamus.ro\/index.php\/proiecte\/patratul-fara-laturi\/\">Continue reading <span class=\"meta-nav\">&rarr;<\/span><\/a><\/p>\n","protected":false},"author":1,"featured_media":0,"parent":46,"menu_order":0,"comment_status":"closed","ping_status":"closed","template":"template-sidebar-left.php","meta":{"advgb_blocks_editor_width":"","advgb_blocks_columns_visual_guide":"","footnotes":""},"class_list":["post-149","page","type-page","status-publish","hentry"],"coauthors":[],"author_meta":{"author_link":"https:\/\/spsamus.ro\/index.php\/author\/admin_ddh3voxz\/","display_name":"admin"},"relative_dates":{"created":"Posted 3 ani ago","modified":"Updated 3 ani ago"},"absolute_dates":{"created":"Posted on septembrie 29, 2023","modified":"Updated on noiembrie 2, 2023"},"absolute_dates_time":{"created":"Posted on septembrie 29, 2023 7:27 am","modified":"Updated on noiembrie 2, 2023 4:07 pm"},"featured_img_caption":"","featured_img":false,"series_order":"","_links":{"self":[{"href":"https:\/\/spsamus.ro\/index.php\/wp-json\/wp\/v2\/pages\/149","targetHints":{"allow":["GET"]}}],"collection":[{"href":"https:\/\/spsamus.ro\/index.php\/wp-json\/wp\/v2\/pages"}],"about":[{"href":"https:\/\/spsamus.ro\/index.php\/wp-json\/wp\/v2\/types\/page"}],"author":[{"embeddable":true,"href":"https:\/\/spsamus.ro\/index.php\/wp-json\/wp\/v2\/users\/1"}],"replies":[{"embeddable":true,"href":"https:\/\/spsamus.ro\/index.php\/wp-json\/wp\/v2\/comments?post=149"}],"version-history":[{"count":17,"href":"https:\/\/spsamus.ro\/index.php\/wp-json\/wp\/v2\/pages\/149\/revisions"}],"predecessor-version":[{"id":503,"href":"https:\/\/spsamus.ro\/index.php\/wp-json\/wp\/v2\/pages\/149\/revisions\/503"}],"up":[{"embeddable":true,"href":"https:\/\/spsamus.ro\/index.php\/wp-json\/wp\/v2\/pages\/46"}],"wp:attachment":[{"href":"https:\/\/spsamus.ro\/index.php\/wp-json\/wp\/v2\/media?parent=149"}],"curies":[{"name":"wp","href":"https:\/\/api.w.org\/{rel}","templated":true}]}}