{"id":14,"date":"2023-09-26T11:00:59","date_gmt":"2023-09-26T11:00:59","guid":{"rendered":"https:\/\/spsamus.ro\/?page_id=14"},"modified":"2024-02-22T21:13:02","modified_gmt":"2024-02-22T19:13:02","slug":"resurse-materiale","status":"publish","type":"page","link":"https:\/\/spsamus.ro\/index.php\/resurse-materiale\/","title":{"rendered":"Resurse materiale"},"content":{"rendered":"<p><strong>Pentru a asigura un proces educa\u021bional de cea mai bun\u0103 calitate, \u0219coala dispune de resurse materiale \u0219i educa\u021bionale variate, care sunt prezentate pe scurt \u00een cele ce urmeaz\u0103:<\/strong><\/p>\n<ul>\n<li><strong>Cabinete pe disicipline<\/strong><\/li>\n<li><strong>Ateliere<\/strong><\/li>\n<li><strong>Laboratoare de informatic\u0103 \u0219i alte facilit\u0103\u021bi<\/strong><\/li>\n<li><strong>Cabinete pentru terapia tulbur\u0103rilor de limbaj \u0219i a terapiilor specifice<\/strong><\/li>\n<li><strong>Facilit\u0103\u021bi sportive<\/strong><\/li>\n<li><strong>Biblioteca<\/strong><\/li>\n<li><strong>Cantina<\/strong><\/li>\n<li><strong>Internatul<\/strong><\/li>\n<\/ul>\n<script type=\"text\/javascript\">\njQuery(document).ready(function() {\n\tjQuery(function(){\n\t\tjQuery('.sf-8-4').infiniteslide({\n\t\t\t'responsive': true\t\t});\n\t});\n\n\tjQuery('.scroll_item').on('mouseenter',function(){\n\t\tjQuery(this).find('.descdiv').css({\n\t\t\topacity:1\n\t\t});\n\t\t}).on('mouseleave',function(){\n\t\tjQuery(this).find('.descdiv').css({\n\t\t\topacity:0\n\t\t});\n\t});\n});\n<\/script>\n<div class=\"infiniteslide sf-8-4\">\n\t\t\t\t\t\t<div class=\"scroll_item sf_8_margin-4\">\n\t\t\t\t\t\t\t\t\t\t<div class=\"sf-8-content descdiv\">\n\t\t\t\t\t\t\t\t\t\t\t\t<div class=\"sf-8-title\">\n\t\t\t\t\t\t\tBiblioteca1\t\t\t\t\t\t<\/div>\n\t\t\t\t\t\t\t\t\t\t\t\t\n\t\t\t\t\t\t\t\t\t\t\t<\/div>\n\t\t\t\t\t\t\t\t\t\t<div>\n\t\t\t\t\t\t<img decoding=\"async\" class=\"sf_8_img-4\" src=\"https:\/\/spsamus.ro\/wp-content\/uploads\/2024\/02\/Biblioteca1.jpeg\" alt=\"\">\n\t\t\t\t\t<\/div>\n\t\t\t\t<\/div>\n\t\t\t\t\t\t\t\t<div class=\"scroll_item sf_8_margin-4\">\n\t\t\t\t\t\t\t\t\t\t<div class=\"sf-8-content descdiv\">\n\t\t\t\t\t\t\t\t\t\t\t\t<div class=\"sf-8-title\">\n\t\t\t\t\t\t\tcabinet info3\t\t\t\t\t\t<\/div>\n\t\t\t\t\t\t\t\t\t\t\t\t\n\t\t\t\t\t\t\t\t\t\t\t<\/div>\n\t\t\t\t\t\t\t\t\t\t<div>\n\t\t\t\t\t\t<img decoding=\"async\" class=\"sf_8_img-4\" src=\"https:\/\/spsamus.ro\/wp-content\/uploads\/2024\/02\/cabinet-info3.jpeg\" alt=\"\">\n\t\t\t\t\t<\/div>\n\t\t\t\t<\/div>\n\t\t\t\t\t\t\t\t<div class=\"scroll_item sf_8_margin-4\">\n\t\t\t\t\t\t\t\t\t\t<div class=\"sf-8-content descdiv\">\n\t\t\t\t\t\t\t\t\t\t\t\t<div class=\"sf-8-title\">\n\t\t\t\t\t\t\tcabinet 2\t\t\t\t\t\t<\/div>\n\t\t\t\t\t\t\t\t\t\t\t\t\n\t\t\t\t\t\t\t\t\t\t\t<\/div>\n\t\t\t\t\t\t\t\t\t\t<div>\n\t\t\t\t\t\t<img decoding=\"async\" class=\"sf_8_img-4\" src=\"https:\/\/spsamus.ro\/wp-content\/uploads\/2024\/02\/cabinet-2.jpeg\" alt=\"\">\n\t\t\t\t\t<\/div>\n\t\t\t\t<\/div>\n\t\t\t\t\t\t\t\t<div class=\"scroll_item sf_8_margin-4\">\n\t\t\t\t\t\t\t\t\t\t<div class=\"sf-8-content descdiv\">\n\t\t\t\t\t\t\t\t\t\t\t\t<div class=\"sf-8-title\">\n\t\t\t\t\t\t\tStativ\t\t\t\t\t\t<\/div>\n\t\t\t\t\t\t\t\t\t\t\t\t\n\t\t\t\t\t\t\t\t\t\t\t<\/div>\n\t\t\t\t\t\t\t\t\t\t<div>\n\t\t\t\t\t\t<img decoding=\"async\" class=\"sf_8_img-4\" src=\"https:\/\/spsamus.ro\/wp-content\/uploads\/2024\/02\/Stativ.jpeg\" alt=\"\">\n\t\t\t\t\t<\/div>\n\t\t\t\t<\/div>\n\t\t\t\t\t\t\t\t<div class=\"scroll_item sf_8_margin-4\">\n\t\t\t\t\t\t\t\t\t\t<div class=\"sf-8-content descdiv\">\n\t\t\t\t\t\t\t\t\t\t\t\t<div class=\"sf-8-title\">\n\t\t\t\t\t\t\tcabinet info1\t\t\t\t\t\t<\/div>\n\t\t\t\t\t\t\t\t\t\t\t\t\n\t\t\t\t\t\t\t\t\t\t\t<\/div>\n\t\t\t\t\t\t\t\t\t\t<div>\n\t\t\t\t\t\t<img decoding=\"async\" class=\"sf_8_img-4\" src=\"https:\/\/spsamus.ro\/wp-content\/uploads\/2024\/02\/cabinet-info1.jpeg\" alt=\"\">\n\t\t\t\t\t<\/div>\n\t\t\t\t<\/div>\n\t\t\t\t\t\t\t\t<div class=\"scroll_item sf_8_margin-4\">\n\t\t\t\t\t\t\t\t\t\t<div class=\"sf-8-content descdiv\">\n\t\t\t\t\t\t\t\t\t\t\t\t<div class=\"sf-8-title\">\n\t\t\t\t\t\t\tcabinet c4\t\t\t\t\t\t<\/div>\n\t\t\t\t\t\t\t\t\t\t\t\t\n\t\t\t\t\t\t\t\t\t\t\t<\/div>\n\t\t\t\t\t\t\t\t\t\t<div>\n\t\t\t\t\t\t<img decoding=\"async\" class=\"sf_8_img-4\" src=\"https:\/\/spsamus.ro\/wp-content\/uploads\/2024\/02\/cabinet-c4.jpeg\" alt=\"\">\n\t\t\t\t\t<\/div>\n\t\t\t\t<\/div>\n\t\t\t\t\t\t\t\t<div class=\"scroll_item sf_8_margin-4\">\n\t\t\t\t\t\t\t\t\t\t<div class=\"sf-8-content descdiv\">\n\t\t\t\t\t\t\t\t\t\t\t\t<div class=\"sf-8-title\">\n\t\t\t\t\t\t\tcabinet ro\t\t\t\t\t\t<\/div>\n\t\t\t\t\t\t\t\t\t\t\t\t\n\t\t\t\t\t\t\t\t\t\t\t<\/div>\n\t\t\t\t\t\t\t\t\t\t<div>\n\t\t\t\t\t\t<img decoding=\"async\" class=\"sf_8_img-4\" src=\"https:\/\/spsamus.ro\/wp-content\/uploads\/2024\/02\/cabinet-ro.jpeg\" alt=\"\">\n\t\t\t\t\t<\/div>\n\t\t\t\t<\/div>\n\t\t\t\t\t\t\t\t<div class=\"scroll_item sf_8_margin-4\">\n\t\t\t\t\t\t\t\t\t\t<div class=\"sf-8-content descdiv\">\n\t\t\t\t\t\t\t\t\t\t\t\t<div class=\"sf-8-title\">\n\t\t\t\t\t\t\tCabinet\t\t\t\t\t\t<\/div>\n\t\t\t\t\t\t\t\t\t\t\t\t\n\t\t\t\t\t\t\t\t\t\t\t<\/div>\n\t\t\t\t\t\t\t\t\t\t<div>\n\t\t\t\t\t\t<img decoding=\"async\" class=\"sf_8_img-4\" src=\"https:\/\/spsamus.ro\/wp-content\/uploads\/2024\/02\/Cabinet.jpg\" alt=\"\">\n\t\t\t\t\t<\/div>\n\t\t\t\t<\/div>\n\t\t\t\t\t\t\t\t<div class=\"scroll_item sf_8_margin-4\">\n\t\t\t\t\t\t\t\t\t\t<div class=\"sf-8-content descdiv\">\n\t\t\t\t\t\t\t\t\t\t\t\t<div class=\"sf-8-title\">\n\t\t\t\t\t\t\tSala2\t\t\t\t\t\t<\/div>\n\t\t\t\t\t\t\t\t\t\t\t\t\n\t\t\t\t\t\t\t\t\t\t\t<\/div>\n\t\t\t\t\t\t\t\t\t\t<div>\n\t\t\t\t\t\t<img decoding=\"async\" class=\"sf_8_img-4\" src=\"https:\/\/spsamus.ro\/wp-content\/uploads\/2024\/02\/Sala2-1.jpeg\" alt=\"\">\n\t\t\t\t\t<\/div>\n\t\t\t\t<\/div>\n\t\t\t\t\t\t\t\t<div class=\"scroll_item sf_8_margin-4\">\n\t\t\t\t\t\t\t\t\t\t<div class=\"sf-8-content descdiv\">\n\t\t\t\t\t\t\t\t\t\t\t\t<div class=\"sf-8-title\">\n\t\t\t\t\t\t\tClasa1\t\t\t\t\t\t<\/div>\n\t\t\t\t\t\t\t\t\t\t\t\t\n\t\t\t\t\t\t\t\t\t\t\t<\/div>\n\t\t\t\t\t\t\t\t\t\t<div>\n\t\t\t\t\t\t<img decoding=\"async\" class=\"sf_8_img-4\" src=\"https:\/\/spsamus.ro\/wp-content\/uploads\/2024\/02\/Clasa1.jpeg\" alt=\"\">\n\t\t\t\t\t<\/div>\n\t\t\t\t<\/div>\n\t\t\t\t\t\t\t\t<div class=\"scroll_item sf_8_margin-4\">\n\t\t\t\t\t\t\t\t\t\t<div class=\"sf-8-content descdiv\">\n\t\t\t\t\t\t\t\t\t\t\t\t<div class=\"sf-8-title\">\n\t\t\t\t\t\t\tClasa2\t\t\t\t\t\t<\/div>\n\t\t\t\t\t\t\t\t\t\t\t\t\n\t\t\t\t\t\t\t\t\t\t\t<\/div>\n\t\t\t\t\t\t\t\t\t\t<div>\n\t\t\t\t\t\t<img decoding=\"async\" class=\"sf_8_img-4\" src=\"https:\/\/spsamus.ro\/wp-content\/uploads\/2024\/02\/Clasa2-1.jpeg\" alt=\"\">\n\t\t\t\t\t<\/div>\n\t\t\t\t<\/div>\n\t\t\t\t\t\t\t\t<div class=\"scroll_item sf_8_margin-4\">\n\t\t\t\t\t\t\t\t\t\t<div class=\"sf-8-content descdiv\">\n\t\t\t\t\t\t\t\t\t\t\t\t<div class=\"sf-8-title\">\n\t\t\t\t\t\t\tSala4\t\t\t\t\t\t<\/div>\n\t\t\t\t\t\t\t\t\t\t\t\t\n\t\t\t\t\t\t\t\t\t\t\t<\/div>\n\t\t\t\t\t\t\t\t\t\t<div>\n\t\t\t\t\t\t<img decoding=\"async\" class=\"sf_8_img-4\" src=\"https:\/\/spsamus.ro\/wp-content\/uploads\/2024\/02\/Sala4.jpeg\" alt=\"\">\n\t\t\t\t\t<\/div>\n\t\t\t\t<\/div>\n\t\t\t\t\t\t\t\t<div class=\"scroll_item sf_8_margin-4\">\n\t\t\t\t\t\t\t\t\t\t<div class=\"sf-8-content descdiv\">\n\t\t\t\t\t\t\t\t\t\t\t\t<div class=\"sf-8-title\">\n\t\t\t\t\t\t\tReligie1\t\t\t\t\t\t<\/div>\n\t\t\t\t\t\t\t\t\t\t\t\t\n\t\t\t\t\t\t\t\t\t\t\t<\/div>\n\t\t\t\t\t\t\t\t\t\t<div>\n\t\t\t\t\t\t<img decoding=\"async\" class=\"sf_8_img-4\" src=\"https:\/\/spsamus.ro\/wp-content\/uploads\/2024\/02\/Religie1.jpeg\" alt=\"\">\n\t\t\t\t\t<\/div>\n\t\t\t\t<\/div>\n\t\t\t\t\t\t\t\t<div class=\"scroll_item sf_8_margin-4\">\n\t\t\t\t\t\t\t\t\t\t<div class=\"sf-8-content descdiv\">\n\t\t\t\t\t\t\t\t\t\t\t\t<div class=\"sf-8-title\">\n\t\t\t\t\t\t\tsala 3\t\t\t\t\t\t<\/div>\n\t\t\t\t\t\t\t\t\t\t\t\t\n\t\t\t\t\t\t\t\t\t\t\t<\/div>\n\t\t\t\t\t\t\t\t\t\t<div>\n\t\t\t\t\t\t<img decoding=\"async\" class=\"sf_8_img-4\" src=\"https:\/\/spsamus.ro\/wp-content\/uploads\/2024\/02\/sala-3.jpeg\" alt=\"\">\n\t\t\t\t\t<\/div>\n\t\t\t\t<\/div>\n\t\t\t\t\t\t\t\t<div class=\"scroll_item sf_8_margin-4\">\n\t\t\t\t\t\t\t\t\t\t<div class=\"sf-8-content descdiv\">\n\t\t\t\t\t\t\t\t\t\t\t\t<div class=\"sf-8-title\">\n\t\t\t\t\t\t\tCoafor1\t\t\t\t\t\t<\/div>\n\t\t\t\t\t\t\t\t\t\t\t\t\n\t\t\t\t\t\t\t\t\t\t\t<\/div>\n\t\t\t\t\t\t\t\t\t\t<div>\n\t\t\t\t\t\t<img decoding=\"async\" class=\"sf_8_img-4\" src=\"https:\/\/spsamus.ro\/wp-content\/uploads\/2024\/02\/Coafor1-1.jpeg\" alt=\"\">\n\t\t\t\t\t<\/div>\n\t\t\t\t<\/div>\n\t\t\t\t\t\t\t\t<div class=\"scroll_item sf_8_margin-4\">\n\t\t\t\t\t\t\t\t\t\t<div class=\"sf-8-content descdiv\">\n\t\t\t\t\t\t\t\t\t\t\t\t<div class=\"sf-8-title\">\n\t\t\t\t\t\t\tSalon1\t\t\t\t\t\t<\/div>\n\t\t\t\t\t\t\t\t\t\t\t\t\n\t\t\t\t\t\t\t\t\t\t\t<\/div>\n\t\t\t\t\t\t\t\t\t\t<div>\n\t\t\t\t\t\t<img decoding=\"async\" class=\"sf_8_img-4\" src=\"https:\/\/spsamus.ro\/wp-content\/uploads\/2024\/02\/Salon1.jpeg\" alt=\"\">\n\t\t\t\t\t<\/div>\n\t\t\t\t<\/div>\n\t\t\t\t\t\t\t\t<div class=\"scroll_item sf_8_margin-4\">\n\t\t\t\t\t\t\t\t\t\t<div class=\"sf-8-content descdiv\">\n\t\t\t\t\t\t\t\t\t\t\t\t<div class=\"sf-8-title\">\n\t\t\t\t\t\t\tHorticultura5jpeg\t\t\t\t\t\t<\/div>\n\t\t\t\t\t\t\t\t\t\t\t\t\n\t\t\t\t\t\t\t\t\t\t\t<\/div>\n\t\t\t\t\t\t\t\t\t\t<div>\n\t\t\t\t\t\t<img decoding=\"async\" class=\"sf_8_img-4\" src=\"https:\/\/spsamus.ro\/wp-content\/uploads\/2024\/02\/Horticultura5jpeg.jpeg\" alt=\"\">\n\t\t\t\t\t<\/div>\n\t\t\t\t<\/div>\n\t\t\t\t\t\t\t\t<div class=\"scroll_item sf_8_margin-4\">\n\t\t\t\t\t\t\t\t\t\t<div class=\"sf-8-content descdiv\">\n\t\t\t\t\t\t\t\t\t\t\t\t<div class=\"sf-8-title\">\n\t\t\t\t\t\t\tpractica1\t\t\t\t\t\t<\/div>\n\t\t\t\t\t\t\t\t\t\t\t\t\n\t\t\t\t\t\t\t\t\t\t\t<\/div>\n\t\t\t\t\t\t\t\t\t\t<div>\n\t\t\t\t\t\t<img decoding=\"async\" class=\"sf_8_img-4\" src=\"https:\/\/spsamus.ro\/wp-content\/uploads\/2024\/02\/practica1.jpeg\" alt=\"\">\n\t\t\t\t\t<\/div>\n\t\t\t\t<\/div>\n\t\t\t\t\t\t\t\t<div class=\"scroll_item sf_8_margin-4\">\n\t\t\t\t\t\t\t\t\t\t<div class=\"sf-8-content descdiv\">\n\t\t\t\t\t\t\t\t\t\t\t\t<div class=\"sf-8-title\">\n\t\t\t\t\t\t\tPractica10\t\t\t\t\t\t<\/div>\n\t\t\t\t\t\t\t\t\t\t\t\t\n\t\t\t\t\t\t\t\t\t\t\t<\/div>\n\t\t\t\t\t\t\t\t\t\t<div>\n\t\t\t\t\t\t<img decoding=\"async\" class=\"sf_8_img-4\" src=\"https:\/\/spsamus.ro\/wp-content\/uploads\/2024\/02\/Practica10.jpeg\" alt=\"\">\n\t\t\t\t\t<\/div>\n\t\t\t\t<\/div>\n\t\t\t\t\t\t\t\t<div class=\"scroll_item sf_8_margin-4\">\n\t\t\t\t\t\t\t\t\t\t<div class=\"sf-8-content descdiv\">\n\t\t\t\t\t\t\t\t\t\t\t\t<div class=\"sf-8-title\">\n\t\t\t\t\t\t\tHorticultura1\t\t\t\t\t\t<\/div>\n\t\t\t\t\t\t\t\t\t\t\t\t\n\t\t\t\t\t\t\t\t\t\t\t<\/div>\n\t\t\t\t\t\t\t\t\t\t<div>\n\t\t\t\t\t\t<img decoding=\"async\" class=\"sf_8_img-4\" src=\"https:\/\/spsamus.ro\/wp-content\/uploads\/2024\/02\/Horticultura1.jpeg\" alt=\"\">\n\t\t\t\t\t<\/div>\n\t\t\t\t<\/div>\n\t\t\t\t\t\t\t\t<div class=\"scroll_item sf_8_margin-4\">\n\t\t\t\t\t\t\t\t\t\t<div class=\"sf-8-content descdiv\">\n\t\t\t\t\t\t\t\t\t\t\t\t<div class=\"sf-8-title\">\n\t\t\t\t\t\t\tHorticultura3\t\t\t\t\t\t<\/div>\n\t\t\t\t\t\t\t\t\t\t\t\t\n\t\t\t\t\t\t\t\t\t\t\t<\/div>\n\t\t\t\t\t\t\t\t\t\t<div>\n\t\t\t\t\t\t<img decoding=\"async\" class=\"sf_8_img-4\" src=\"https:\/\/spsamus.ro\/wp-content\/uploads\/2024\/02\/Horticultura3-1.jpeg\" alt=\"\">\n\t\t\t\t\t<\/div>\n\t\t\t\t<\/div>\n\t\t\t\t\t\t\t\t<div class=\"scroll_item sf_8_margin-4\">\n\t\t\t\t\t\t\t\t\t\t<div class=\"sf-8-content descdiv\">\n\t\t\t\t\t\t\t\t\t\t\t\t<div class=\"sf-8-title\">\n\t\t\t\t\t\t\tPractica4\t\t\t\t\t\t<\/div>\n\t\t\t\t\t\t\t\t\t\t\t\t\n\t\t\t\t\t\t\t\t\t\t\t<\/div>\n\t\t\t\t\t\t\t\t\t\t<div>\n\t\t\t\t\t\t<img decoding=\"async\" class=\"sf_8_img-4\" src=\"https:\/\/spsamus.ro\/wp-content\/uploads\/2024\/02\/Practica4.jpeg\" alt=\"\">\n\t\t\t\t\t<\/div>\n\t\t\t\t<\/div>\n\t\t\t\t\t\t\t\t<div class=\"scroll_item sf_8_margin-4\">\n\t\t\t\t\t\t\t\t\t\t<div class=\"sf-8-content descdiv\">\n\t\t\t\t\t\t\t\t\t\t\t\t<div class=\"sf-8-title\">\n\t\t\t\t\t\t\tPatiserie4\t\t\t\t\t\t<\/div>\n\t\t\t\t\t\t\t\t\t\t\t\t\n\t\t\t\t\t\t\t\t\t\t\t<\/div>\n\t\t\t\t\t\t\t\t\t\t<div>\n\t\t\t\t\t\t<img decoding=\"async\" class=\"sf_8_img-4\" src=\"https:\/\/spsamus.ro\/wp-content\/uploads\/2024\/02\/Patiserie4.jpeg\" alt=\"\">\n\t\t\t\t\t<\/div>\n\t\t\t\t<\/div>\n\t\t\t\t\t\t\t\t<div class=\"scroll_item sf_8_margin-4\">\n\t\t\t\t\t\t\t\t\t\t<div class=\"sf-8-content descdiv\">\n\t\t\t\t\t\t\t\t\t\t\t\t<div class=\"sf-8-title\">\n\t\t\t\t\t\t\tPatiserie1\t\t\t\t\t\t<\/div>\n\t\t\t\t\t\t\t\t\t\t\t\t\n\t\t\t\t\t\t\t\t\t\t\t<\/div>\n\t\t\t\t\t\t\t\t\t\t<div>\n\t\t\t\t\t\t<img decoding=\"async\" class=\"sf_8_img-4\" src=\"https:\/\/spsamus.ro\/wp-content\/uploads\/2024\/02\/Patiserie1.jpeg\" alt=\"\">\n\t\t\t\t\t<\/div>\n\t\t\t\t<\/div>\n\t\t\t\t\t\t\t\t<div class=\"scroll_item sf_8_margin-4\">\n\t\t\t\t\t\t\t\t\t\t<div class=\"sf-8-content descdiv\">\n\t\t\t\t\t\t\t\t\t\t\t\t<div class=\"sf-8-title\">\n\t\t\t\t\t\t\tPatiserie2\t\t\t\t\t\t<\/div>\n\t\t\t\t\t\t\t\t\t\t\t\t\n\t\t\t\t\t\t\t\t\t\t\t<\/div>\n\t\t\t\t\t\t\t\t\t\t<div>\n\t\t\t\t\t\t<img decoding=\"async\" class=\"sf_8_img-4\" src=\"https:\/\/spsamus.ro\/wp-content\/uploads\/2024\/02\/Patiserie2.jpeg\" alt=\"\">\n\t\t\t\t\t<\/div>\n\t\t\t\t<\/div>\n\t\t\t\t\t\t\t\t<div class=\"scroll_item sf_8_margin-4\">\n\t\t\t\t\t\t\t\t\t\t<div class=\"sf-8-content descdiv\">\n\t\t\t\t\t\t\t\t\t\t\t\t<div class=\"sf-8-title\">\n\t\t\t\t\t\t\tPatiserie3\t\t\t\t\t\t<\/div>\n\t\t\t\t\t\t\t\t\t\t\t\t\n\t\t\t\t\t\t\t\t\t\t\t<\/div>\n\t\t\t\t\t\t\t\t\t\t<div>\n\t\t\t\t\t\t<img decoding=\"async\" class=\"sf_8_img-4\" src=\"https:\/\/spsamus.ro\/wp-content\/uploads\/2024\/02\/Patiserie3.jpeg\" alt=\"\">\n\t\t\t\t\t<\/div>\n\t\t\t\t<\/div>\n\t\t\t\t\t\t\t\t<div class=\"scroll_item sf_8_margin-4\">\n\t\t\t\t\t\t\t\t\t\t<div class=\"sf-8-content descdiv\">\n\t\t\t\t\t\t\t\t\t\t\t\t<div class=\"sf-8-title\">\n\t\t\t\t\t\t\tPatiserie5\t\t\t\t\t\t<\/div>\n\t\t\t\t\t\t\t\t\t\t\t\t\n\t\t\t\t\t\t\t\t\t\t\t<\/div>\n\t\t\t\t\t\t\t\t\t\t<div>\n\t\t\t\t\t\t<img decoding=\"async\" class=\"sf_8_img-4\" src=\"https:\/\/spsamus.ro\/wp-content\/uploads\/2024\/02\/Patiserie5.jpeg\" alt=\"\">\n\t\t\t\t\t<\/div>\n\t\t\t\t<\/div>\n\t\t\t\t\t\t\t\t<div class=\"scroll_item sf_8_margin-4\">\n\t\t\t\t\t\t\t\t\t\t<div class=\"sf-8-content descdiv\">\n\t\t\t\t\t\t\t\t\t\t\t\t<div class=\"sf-8-title\">\n\t\t\t\t\t\t\tPractica9\t\t\t\t\t\t<\/div>\n\t\t\t\t\t\t\t\t\t\t\t\t\n\t\t\t\t\t\t\t\t\t\t\t<\/div>\n\t\t\t\t\t\t\t\t\t\t<div>\n\t\t\t\t\t\t<img decoding=\"async\" class=\"sf_8_img-4\" src=\"https:\/\/spsamus.ro\/wp-content\/uploads\/2024\/02\/Practica9-1.jpeg\" alt=\"\">\n\t\t\t\t\t<\/div>\n\t\t\t\t<\/div>\n\t\t\t\t\t\t\t\t<div class=\"scroll_item sf_8_margin-4\">\n\t\t\t\t\t\t\t\t\t\t<div class=\"sf-8-content descdiv\">\n\t\t\t\t\t\t\t\t\t\t\t\t<div class=\"sf-8-title\">\n\t\t\t\t\t\t\tPractica12\t\t\t\t\t\t<\/div>\n\t\t\t\t\t\t\t\t\t\t\t\t\n\t\t\t\t\t\t\t\t\t\t\t<\/div>\n\t\t\t\t\t\t\t\t\t\t<div>\n\t\t\t\t\t\t<img decoding=\"async\" class=\"sf_8_img-4\" src=\"https:\/\/spsamus.ro\/wp-content\/uploads\/2024\/02\/Practica12-1.jpeg\" alt=\"\">\n\t\t\t\t\t<\/div>\n\t\t\t\t<\/div>\n\t\t\t\t\t\t\t\t<div class=\"scroll_item sf_8_margin-4\">\n\t\t\t\t\t\t\t\t\t\t<div class=\"sf-8-content descdiv\">\n\t\t\t\t\t\t\t\t\t\t\t\t<div class=\"sf-8-title\">\n\t\t\t\t\t\t\tPractica7\t\t\t\t\t\t<\/div>\n\t\t\t\t\t\t\t\t\t\t\t\t\n\t\t\t\t\t\t\t\t\t\t\t<\/div>\n\t\t\t\t\t\t\t\t\t\t<div>\n\t\t\t\t\t\t<img decoding=\"async\" class=\"sf_8_img-4\" src=\"https:\/\/spsamus.ro\/wp-content\/uploads\/2024\/02\/Practica7-1.jpeg\" alt=\"\">\n\t\t\t\t\t<\/div>\n\t\t\t\t<\/div>\n\t\t\t\t\t\t\t\t<div class=\"scroll_item sf_8_margin-4\">\n\t\t\t\t\t\t\t\t\t\t<div class=\"sf-8-content descdiv\">\n\t\t\t\t\t\t\t\t\t\t\t\t<div class=\"sf-8-title\">\n\t\t\t\t\t\t\tPractica11\t\t\t\t\t\t<\/div>\n\t\t\t\t\t\t\t\t\t\t\t\t\n\t\t\t\t\t\t\t\t\t\t\t<\/div>\n\t\t\t\t\t\t\t\t\t\t<div>\n\t\t\t\t\t\t<img decoding=\"async\" class=\"sf_8_img-4\" src=\"https:\/\/spsamus.ro\/wp-content\/uploads\/2024\/02\/Practica11.jpeg\" alt=\"\">\n\t\t\t\t\t<\/div>\n\t\t\t\t<\/div>\n\t\t\t\t\t\t\t\t<div class=\"scroll_item sf_8_margin-4\">\n\t\t\t\t\t\t\t\t\t\t<div class=\"sf-8-content descdiv\">\n\t\t\t\t\t\t\t\t\t\t\t\t<div class=\"sf-8-title\">\n\t\t\t\t\t\t\tPractica16\t\t\t\t\t\t<\/div>\n\t\t\t\t\t\t\t\t\t\t\t\t\n\t\t\t\t\t\t\t\t\t\t\t<\/div>\n\t\t\t\t\t\t\t\t\t\t<div>\n\t\t\t\t\t\t<img decoding=\"async\" class=\"sf_8_img-4\" src=\"https:\/\/spsamus.ro\/wp-content\/uploads\/2024\/02\/Practica16.jpeg\" alt=\"\">\n\t\t\t\t\t<\/div>\n\t\t\t\t<\/div>\n\t\t\t\t\t\t\t\t<div class=\"scroll_item sf_8_margin-4\">\n\t\t\t\t\t\t\t\t\t\t<div class=\"sf-8-content descdiv\">\n\t\t\t\t\t\t\t\t\t\t\t\t<div class=\"sf-8-title\">\n\t\t\t\t\t\t\tPractica3\t\t\t\t\t\t<\/div>\n\t\t\t\t\t\t\t\t\t\t\t\t\n\t\t\t\t\t\t\t\t\t\t\t<\/div>\n\t\t\t\t\t\t\t\t\t\t<div>\n\t\t\t\t\t\t<img decoding=\"async\" class=\"sf_8_img-4\" src=\"https:\/\/spsamus.ro\/wp-content\/uploads\/2024\/02\/Practica3-1.jpeg\" alt=\"\">\n\t\t\t\t\t<\/div>\n\t\t\t\t<\/div>\n\t\t\t\t\t\t\t\t<div class=\"scroll_item sf_8_margin-4\">\n\t\t\t\t\t\t\t\t\t\t<div class=\"sf-8-content descdiv\">\n\t\t\t\t\t\t\t\t\t\t\t\t<div class=\"sf-8-title\">\n\t\t\t\t\t\t\tMecanica1\t\t\t\t\t\t<\/div>\n\t\t\t\t\t\t\t\t\t\t\t\t\n\t\t\t\t\t\t\t\t\t\t\t<\/div>\n\t\t\t\t\t\t\t\t\t\t<div>\n\t\t\t\t\t\t<img decoding=\"async\" class=\"sf_8_img-4\" src=\"https:\/\/spsamus.ro\/wp-content\/uploads\/2024\/02\/Mecanica1.jpeg\" alt=\"\">\n\t\t\t\t\t<\/div>\n\t\t\t\t<\/div>\n\t\t\t\t\t\t\t\t<div class=\"scroll_item sf_8_margin-4\">\n\t\t\t\t\t\t\t\t\t\t<div class=\"sf-8-content descdiv\">\n\t\t\t\t\t\t\t\t\t\t\t\t<div class=\"sf-8-title\">\n\t\t\t\t\t\t\tPractica6\t\t\t\t\t\t<\/div>\n\t\t\t\t\t\t\t\t\t\t\t\t\n\t\t\t\t\t\t\t\t\t\t\t<\/div>\n\t\t\t\t\t\t\t\t\t\t<div>\n\t\t\t\t\t\t<img decoding=\"async\" class=\"sf_8_img-4\" src=\"https:\/\/spsamus.ro\/wp-content\/uploads\/2024\/02\/Practica6.jpeg\" alt=\"\">\n\t\t\t\t\t<\/div>\n\t\t\t\t<\/div>\n\t\t\t\t\t\t\t\t<div class=\"scroll_item sf_8_margin-4\">\n\t\t\t\t\t\t\t\t\t\t<div class=\"sf-8-content descdiv\">\n\t\t\t\t\t\t\t\t\t\t\t\t<div class=\"sf-8-title\">\n\t\t\t\t\t\t\tPractica13\t\t\t\t\t\t<\/div>\n\t\t\t\t\t\t\t\t\t\t\t\t\n\t\t\t\t\t\t\t\t\t\t\t<\/div>\n\t\t\t\t\t\t\t\t\t\t<div>\n\t\t\t\t\t\t<img decoding=\"async\" class=\"sf_8_img-4\" src=\"https:\/\/spsamus.ro\/wp-content\/uploads\/2024\/02\/Practica13.jpeg\" alt=\"\">\n\t\t\t\t\t<\/div>\n\t\t\t\t<\/div>\n\t\t\t\t\t\t\t\t<div class=\"scroll_item sf_8_margin-4\">\n\t\t\t\t\t\t\t\t\t\t<div class=\"sf-8-content descdiv\">\n\t\t\t\t\t\t\t\t\t\t\t\t<div class=\"sf-8-title\">\n\t\t\t\t\t\t\tSala mese2\t\t\t\t\t\t<\/div>\n\t\t\t\t\t\t\t\t\t\t\t\t\n\t\t\t\t\t\t\t\t\t\t\t<\/div>\n\t\t\t\t\t\t\t\t\t\t<div>\n\t\t\t\t\t\t<img decoding=\"async\" class=\"sf_8_img-4\" src=\"https:\/\/spsamus.ro\/wp-content\/uploads\/2024\/02\/Sala-mese2.jpeg\" alt=\"\">\n\t\t\t\t\t<\/div>\n\t\t\t\t<\/div>\n\t\t\t\t\t\t\t\t<div class=\"scroll_item sf_8_margin-4\">\n\t\t\t\t\t\t\t\t\t\t<div class=\"sf-8-content descdiv\">\n\t\t\t\t\t\t\t\t\t\t\t\t<div class=\"sf-8-title\">\n\t\t\t\t\t\t\tCamera internat1\t\t\t\t\t\t<\/div>\n\t\t\t\t\t\t\t\t\t\t\t\t\n\t\t\t\t\t\t\t\t\t\t\t<\/div>\n\t\t\t\t\t\t\t\t\t\t<div>\n\t\t\t\t\t\t<img decoding=\"async\" class=\"sf_8_img-4\" src=\"https:\/\/spsamus.ro\/wp-content\/uploads\/2024\/02\/Camera-internat1-1.jpeg\" alt=\"\">\n\t\t\t\t\t<\/div>\n\t\t\t\t<\/div>\n\t\t\t\t\t\t\t\t<div class=\"scroll_item sf_8_margin-4\">\n\t\t\t\t\t\t\t\t\t\t<div class=\"sf-8-content descdiv\">\n\t\t\t\t\t\t\t\t\t\t\t\t<div class=\"sf-8-title\">\n\t\t\t\t\t\t\tSport3\t\t\t\t\t\t<\/div>\n\t\t\t\t\t\t\t\t\t\t\t\t\n\t\t\t\t\t\t\t\t\t\t\t<\/div>\n\t\t\t\t\t\t\t\t\t\t<div>\n\t\t\t\t\t\t<img decoding=\"async\" class=\"sf_8_img-4\" src=\"https:\/\/spsamus.ro\/wp-content\/uploads\/2024\/02\/Sport3.jpeg\" alt=\"\">\n\t\t\t\t\t<\/div>\n\t\t\t\t<\/div>\n\t\t\t\t\t\t\t\t<div class=\"scroll_item sf_8_margin-4\">\n\t\t\t\t\t\t\t\t\t\t<div class=\"sf-8-content descdiv\">\n\t\t\t\t\t\t\t\t\t\t\t\t<div class=\"sf-8-title\">\n\t\t\t\t\t\t\tSport1\t\t\t\t\t\t<\/div>\n\t\t\t\t\t\t\t\t\t\t\t\t\n\t\t\t\t\t\t\t\t\t\t\t<\/div>\n\t\t\t\t\t\t\t\t\t\t<div>\n\t\t\t\t\t\t<img decoding=\"async\" class=\"sf_8_img-4\" src=\"https:\/\/spsamus.ro\/wp-content\/uploads\/2024\/02\/Sport1.jpeg\" alt=\"\">\n\t\t\t\t\t<\/div>\n\t\t\t\t<\/div>\n\t\t\t\t\t\t\t\t<div class=\"scroll_item sf_8_margin-4\">\n\t\t\t\t\t\t\t\t\t\t<div class=\"sf-8-content descdiv\">\n\t\t\t\t\t\t\t\t\t\t\t\t<div class=\"sf-8-title\">\n\t\t\t\t\t\t\tSport2\t\t\t\t\t\t<\/div>\n\t\t\t\t\t\t\t\t\t\t\t\t\n\t\t\t\t\t\t\t\t\t\t\t<\/div>\n\t\t\t\t\t\t\t\t\t\t<div>\n\t\t\t\t\t\t<img decoding=\"async\" class=\"sf_8_img-4\" src=\"https:\/\/spsamus.ro\/wp-content\/uploads\/2024\/02\/Sport2.jpeg\" alt=\"\">\n\t\t\t\t\t<\/div>\n\t\t\t\t<\/div>\n\t\t\t\t\t\t\t\t<div class=\"scroll_item sf_8_margin-4\">\n\t\t\t\t\t\t\t\t\t\t<div class=\"sf-8-content descdiv\">\n\t\t\t\t\t\t\t\t\t\t\t\t<div class=\"sf-8-title\">\n\t\t\t\t\t\t\tSport4\t\t\t\t\t\t<\/div>\n\t\t\t\t\t\t\t\t\t\t\t\t\n\t\t\t\t\t\t\t\t\t\t\t<\/div>\n\t\t\t\t\t\t\t\t\t\t<div>\n\t\t\t\t\t\t<img decoding=\"async\" class=\"sf_8_img-4\" src=\"https:\/\/spsamus.ro\/wp-content\/uploads\/2024\/02\/Sport4.jpeg\" alt=\"\">\n\t\t\t\t\t<\/div>\n\t\t\t\t<\/div>\n\t\t\t\t<\/div>\n<style>\n.sf_8_margin-4 {\n\tmargin-right: 1%;\n}\n\n.infiniteslide .scroll_item {\n\tposition: relative;\n}\n\n.descdiv {\n\tposition: absolute;\n\topacity:0;\n\tbottom: 5%;\n\tcolor: #fff;\n\tpadding:5%;\n\tbackground: rgba(0,0,0,0.5);\n\twidth: 100%;\n\ttransition:all 1s;\n\tbox-sizing: border-box;\n}\n\n.infiniteslide .scroll_item .descdiv .sf-8-desc {\n\tmargin-top: 3%;\n\tmargin-bottom: 3%;\n}\n.sf_8_img-4 {\n\twidth: 400px;\n\theight: 400px;\n}\n<\/style>\n\n","protected":false},"excerpt":{"rendered":"<p>Pentru a asigura un proces educa\u021bional de cea mai bun\u0103 calitate, \u0219coala dispune de resurse materiale \u0219i educa\u021bionale variate, care sunt prezentate pe scurt \u00een cele ce urmeaz\u0103: Cabinete pe disicipline Ateliere Laboratoare de informatic\u0103 \u0219i alte facilit\u0103\u021bi Cabinete pentru terapia tulbur\u0103rilor de limbaj \u0219i a terapiilor specifice Facilit\u0103\u021bi sportive Biblioteca Cantina Internatul<\/p>\n","protected":false},"author":1,"featured_media":0,"parent":0,"menu_order":0,"comment_status":"closed","ping_status":"closed","template":"","meta":{"advgb_blocks_editor_width":"","advgb_blocks_columns_visual_guide":"","footnotes":""},"class_list":["post-14","page","type-page","status-publish","hentry"],"coauthors":[],"author_meta":{"author_link":"https:\/\/spsamus.ro\/index.php\/author\/admin_ddh3voxz\/","display_name":"admin"},"relative_dates":{"created":"Posted 3 ani ago","modified":"Updated 2 ani ago"},"absolute_dates":{"created":"Posted on septembrie 26, 2023","modified":"Updated on februarie 22, 2024"},"absolute_dates_time":{"created":"Posted on septembrie 26, 2023 11:00 am","modified":"Updated on februarie 22, 2024 9:13 pm"},"featured_img_caption":"","featured_img":false,"series_order":"","_links":{"self":[{"href":"https:\/\/spsamus.ro\/index.php\/wp-json\/wp\/v2\/pages\/14","targetHints":{"allow":["GET"]}}],"collection":[{"href":"https:\/\/spsamus.ro\/index.php\/wp-json\/wp\/v2\/pages"}],"about":[{"href":"https:\/\/spsamus.ro\/index.php\/wp-json\/wp\/v2\/types\/page"}],"author":[{"embeddable":true,"href":"https:\/\/spsamus.ro\/index.php\/wp-json\/wp\/v2\/users\/1"}],"replies":[{"embeddable":true,"href":"https:\/\/spsamus.ro\/index.php\/wp-json\/wp\/v2\/comments?post=14"}],"version-history":[{"count":5,"href":"https:\/\/spsamus.ro\/index.php\/wp-json\/wp\/v2\/pages\/14\/revisions"}],"predecessor-version":[{"id":729,"href":"https:\/\/spsamus.ro\/index.php\/wp-json\/wp\/v2\/pages\/14\/revisions\/729"}],"wp:attachment":[{"href":"https:\/\/spsamus.ro\/index.php\/wp-json\/wp\/v2\/media?parent=14"}],"curies":[{"name":"wp","href":"https:\/\/api.w.org\/{rel}","templated":true}]}}