{"id":10,"date":"2023-09-26T10:59:11","date_gmt":"2023-09-26T10:59:11","guid":{"rendered":"https:\/\/spsamus.ro\/?page_id=10"},"modified":"2026-04-29T12:35:36","modified_gmt":"2026-04-29T10:35:36","slug":"despre-noi","status":"publish","type":"page","link":"https:\/\/spsamus.ro\/","title":{"rendered":"Despre noi"},"content":{"rendered":"\r\n<h3>\u0218coala Profesional\u0103 Special\u0103 \u201eSAMUS\u201d<\/h3>\r\n<ol>\r\n<li style=\"list-style-type: none;\">\r\n<ol>\r\n<li><strong>Prezentare general\u0103<\/strong><br \/>\u0218coala Profesional\u0103 Special\u0103 \u201eSamus\u201d func\u021bioneaz\u0103 sub coordonarea educa\u021bional\u0103 a Ministerului Educa\u021biei \u0219i Cercet\u0103rii, reprezentat prin Inspectoratul \u0218colar Jude\u021bean Cluj, fiind subordonat financiar \u0219i administrativ Consiliului Jude\u021bean Cluj. Ea este situat\u0103 \u00een Cluj-Napoca, \u00een centrul Transilvaniei, \u0219i func\u021bioneaz\u0103 \u00een regim de \u0219coal\u0103-internat, primind elevi din toate zonele \u00eenvecinate.<br \/>\u00cen cadrul acesteia se ofer\u0103 instruire teoretic\u0103 \u0219i practic\u0103 elevilor cu cerin\u021be educative speciale pe nivelurile educa\u021bionale \u2013 gimnaziu, \u0219coal\u0103 profesional\u0103 \u2013 \u00eenso\u021bit\u0103 de servicii educa\u021bionale specializate precum: consiliere, audiologie educa\u021bional\u0103, terapia limbajului, cultur\u0103 fizic\u0103 medical\u0103, ludoterapie, stimulare cognitiv\u0103 \u0219i senzorial\u0103, socializare, formarea autonomiei personale. \u00cen plus, se asigur\u0103 cazare \u0219i mas\u0103 pentru elevii din afara localit\u0103\u021bii. \u0218coala Profesional\u0103 Special\u0103 \u201eSamus\u201d \u0219colarizeaz\u0103 anual un num\u0103r de aproximativ 300 de elevi cu deficien\u021b\u0103 mintal\u0103 u\u0219oar\u0103 \u0219i moderat\u0103, respectiv cu deficien\u021b\u0103 de auz.<\/li>\r\n<\/ol>\r\n<\/li>\r\n<\/ol>\r\n<h5><script>\njQuery( document ).ready(function() {\n\t\/\/ Avoid `console` errors in browsers that lack a console.\n\t(function () {\n\t\tvar method;\n\t\tvar noop = function () {};\n\t\tvar methods = [\n\t\t\t'assert', 'clear', 'count', 'debug', 'dir', 'dirxml', 'error',\n\t\t\t'exception', 'group', 'groupCollapsed', 'groupEnd', 'info', 'log',\n\t\t\t'markTimeline', 'profile', 'profileEnd', 'table', 'time', 'timeEnd',\n\t\t\t'timeline', 'timelineEnd', 'timeStamp', 'trace', 'warn'\n\t\t];\n\t\tvar length = methods.length;\n\t\tvar console = (window.console = window.console || {});\n\n\t\twhile (length--) {\n\t\t\tmethod = methods[length];\n\n\t\t\t\/\/ Only stub undefined methods.\n\t\t\tif (!console[method]) {\n\t\t\t\tconsole[method] = noop;\n\t\t\t}\n\t\t}\n\t}());\n\n\tjQuery('.sf-4-1').camera({\n\t\tautoAdvance:true,\n\t\tportrait: false,\n\t\theight: '70%',\n\t});\n});\n<\/script>\n\n<!-- slider start-->\n <div class=\"sf-4-1\">\n\t\t\t\t\t<div data-src=\"https:\/\/spsamus.ro\/wp-content\/uploads\/2024\/02\/Fatada-scoala.jpeg\">\n\t\t\t\t\t<img decoding=\"async\" class=\"sf-4-slide-image\" src=\"https:\/\/spsamus.ro\/wp-content\/uploads\/2024\/02\/Fatada-scoala.jpeg\" alt=\"\">\n\t\t\t\t\t\n\t\t\t\t\t\t\t\t\t<div class=\"camera_caption sf-4-slide-content\">\n\t\t\t\t\t\t\t\t\t\t\t\t<p class=\"sf-4-slide-title\">Cladirea Scoala<\/p>\n\t\t\t\t\t\t\t\t\t\t\t\t\t\t\t\t\t<\/div>\n\t\t\t\t\t\t\t\t\t<\/div>\n\t\t\t\t\t\t\t\t<div data-src=\"https:\/\/spsamus.ro\/wp-content\/uploads\/2024\/02\/Atelier.jpeg\">\n\t\t\t\t\t<img decoding=\"async\" class=\"sf-4-slide-image\" src=\"https:\/\/spsamus.ro\/wp-content\/uploads\/2024\/02\/Atelier.jpeg\" alt=\"\">\n\t\t\t\t\t\n\t\t\t\t\t\t\t\t\t<div class=\"camera_caption sf-4-slide-content\">\n\t\t\t\t\t\t\t\t\t\t\t\t<p class=\"sf-4-slide-title\">Ateliere<\/p>\n\t\t\t\t\t\t\t\t\t\t\t\t\t\t\t\t\t<\/div>\n\t\t\t\t\t\t\t\t\t<\/div>\n\t\t\t\t\t\t\t\t<div data-src=\"https:\/\/spsamus.ro\/wp-content\/uploads\/2024\/02\/Internat.jpeg\">\n\t\t\t\t\t<img decoding=\"async\" class=\"sf-4-slide-image\" src=\"https:\/\/spsamus.ro\/wp-content\/uploads\/2024\/02\/Internat.jpeg\" alt=\"\">\n\t\t\t\t\t\n\t\t\t\t\t\t\t\t\t<div class=\"camera_caption sf-4-slide-content\">\n\t\t\t\t\t\t\t\t\t\t\t\t<p class=\"sf-4-slide-title\">Internat<\/p>\n\t\t\t\t\t\t\t\t\t\t\t\t\t\t\t\t\t<\/div>\n\t\t\t\t\t\t\t\t\t<\/div>\n\t\t\t\t\t\t\t\t<div data-src=\"https:\/\/spsamus.ro\/wp-content\/uploads\/2024\/02\/Curtea-1.jpeg\">\n\t\t\t\t\t<img decoding=\"async\" class=\"sf-4-slide-image\" src=\"https:\/\/spsamus.ro\/wp-content\/uploads\/2024\/02\/Curtea-1.jpeg\" alt=\"\">\n\t\t\t\t\t\n\t\t\t\t\t\t\t\t\t<div class=\"camera_caption sf-4-slide-content\">\n\t\t\t\t\t\t\t\t\t\t\t\t<p class=\"sf-4-slide-title\">Curte Cantina<\/p>\n\t\t\t\t\t\t\t\t\t\t\t\t\t\t\t\t\t<\/div>\n\t\t\t\t\t\t\t\t\t<\/div>\n\t\t\t\t\t\t\t\t<div data-src=\"https:\/\/spsamus.ro\/wp-content\/uploads\/2023\/10\/Curtea-Samus--scaled.jpg\">\n\t\t\t\t\t<img decoding=\"async\" class=\"sf-4-slide-image\" src=\"https:\/\/spsamus.ro\/wp-content\/uploads\/2023\/10\/Curtea-Samus--scaled.jpg\" alt=\"\">\n\t\t\t\t\t\n\t\t\t\t\t\t\t\t\t<div class=\"camera_caption sf-4-slide-content\">\n\t\t\t\t\t\t\t\t\t\t\t\t<p class=\"sf-4-slide-title\">Curte Scoala<\/p>\n\t\t\t\t\t\t\t\t\t\t\t\t\t\t\t\t\t<\/div>\n\t\t\t\t\t\t\t\t\t<\/div>\n\t\t\t\t<\/div>\n<!-- slider end-->\n\n<style>\n.sf-4-1 {\n\twidth: 100%;\n\theight: 100%;\n}\n\n.sf-4-slide-content {\n\t\n}\n\n.sf-4-slide-image {\n\twidth: 100%;\n}\n\n.sf-4-slide-title {\n\tcolor: #FFF;\n\tfont-size: 22px;\n}\n.sf-4-slide-desc {\n\tcolor: #FFF;\n\tfont-size: 18px;\n}\n\n\/********* hide slide content on mobile with media query 26-Jan-2021 *********\/\n@media(max-width:770px){\n\t.camera_caption > div {\n\t\tpadding: 5px 10px!important;\n\t}\n\t\n\t.camera_caption p {\n\t\tmargin: 0 0 5px;\n\t}\n\t\n\t.sf-4-slide-title {\n\tcolor: #FFF;\n\tfont-size: 17px;\n\t}\n\t\n\t.sf-4-slide-desc {\n\t\tcolor: #FFF;\n\t\tfont-size: 13px;\n\t}\n}\n@media(max-width:580px){\n\t.sf-4-slide-desc {\n\t\tdisplay: none;\n\t}\n\t.sf-4-slide-title {\n\t\tcolor: #FFF;\n\t\tfont-size: 12px;\n\t\ttext-align: center;\n\t}\n}\n\/********* hide slide content on mobile with media query 26-Jan-2021 *********\/\n\n\n\/* hide slide content on mobile *\/\n\/* media queries start *\/\n\/* Extra small devices (phones, 600px and down) *\/\n\/*@media only screen and (max-width: 600px) {\n\t.sf-4-slide-desc {\n\t\tdisplay: none;\n\t}\n\t.sf-4-slide-title {\n\t\tcolor: #FFF;\n\t\tfont-size: 15px;\n\t\ttext-align: center;\n\t}\n}*\/\n\/* media queries end *\/\n<\/style>\n<\/h5>\r\n\r\n<h3><strong>\u00a0<\/strong><\/h3>\r\n<h3><strong> Activit\u0103\u021bi de diseminare a proiectului Erasmus +dezvoltare profesionala a elevilor din VET pentru cresterea incluziunii sociale nr 2023-1-RO01-KA122-VET000142685 Erasmus+\u00a0<\/strong><\/h3>\r\n<h4>\u00a0<\/h4>\r\n<h3><a href=\"https:\/\/spsamus.ro\/wp-content\/uploads\/2026\/04\/Oferta-educationala-2026-2027.pdf\">Oferta educationala 2026-2027<\/a><\/h3>\r\n<p><img loading=\"lazy\" decoding=\"async\" class=\"alignnone  wp-image-1140\" src=\"https:\/\/spsamus.ro\/wp-content\/uploads\/2026\/04\/Oferta-1-300x212.jpg\" alt=\"\" width=\"598\" height=\"423\" srcset=\"https:\/\/spsamus.ro\/wp-content\/uploads\/2026\/04\/Oferta-1-300x212.jpg 300w, https:\/\/spsamus.ro\/wp-content\/uploads\/2026\/04\/Oferta-1-1024x724.jpg 1024w, https:\/\/spsamus.ro\/wp-content\/uploads\/2026\/04\/Oferta-1-768x543.jpg 768w, https:\/\/spsamus.ro\/wp-content\/uploads\/2026\/04\/Oferta-1-1536x1086.jpg 1536w, https:\/\/spsamus.ro\/wp-content\/uploads\/2026\/04\/Oferta-1-2048x1448.jpg 2048w\" sizes=\"auto, (max-width: 598px) 100vw, 598px\" \/><\/p>\r\n<p><img loading=\"lazy\" decoding=\"async\" class=\"alignnone  wp-image-1141\" src=\"https:\/\/spsamus.ro\/wp-content\/uploads\/2026\/04\/Oferta-2-300x212.jpg\" alt=\"\" width=\"609\" height=\"430\" srcset=\"https:\/\/spsamus.ro\/wp-content\/uploads\/2026\/04\/Oferta-2-300x212.jpg 300w, https:\/\/spsamus.ro\/wp-content\/uploads\/2026\/04\/Oferta-2-1024x724.jpg 1024w, https:\/\/spsamus.ro\/wp-content\/uploads\/2026\/04\/Oferta-2-768x543.jpg 768w, https:\/\/spsamus.ro\/wp-content\/uploads\/2026\/04\/Oferta-2-1536x1086.jpg 1536w, https:\/\/spsamus.ro\/wp-content\/uploads\/2026\/04\/Oferta-2-2048x1448.jpg 2048w\" sizes=\"auto, (max-width: 609px) 100vw, 609px\" \/><\/p>\r\n<h4><div class=\"slider-container-5\">\n\t<ul class=\"flip-items\">\n\t\t\t\t<li >\n\t\t\t\t<img decoding=\"async\" src=\"https:\/\/spsamus.ro\/wp-content\/uploads\/2024\/09\/A1.jpeg\" alt=\"\">\n\t\t\t<\/li>\n\t\t\t\t\t\t<li >\n\t\t\t\t<img decoding=\"async\" src=\"https:\/\/spsamus.ro\/wp-content\/uploads\/2024\/09\/A2.jpeg\" alt=\"\">\n\t\t\t<\/li>\n\t\t\t\t\t\t<li >\n\t\t\t\t<img decoding=\"async\" src=\"https:\/\/spsamus.ro\/wp-content\/uploads\/2024\/09\/A3.jpeg\" alt=\"\">\n\t\t\t<\/li>\n\t\t\t\t\t\t<li >\n\t\t\t\t<img decoding=\"async\" src=\"https:\/\/spsamus.ro\/wp-content\/uploads\/2024\/09\/A4.jpeg\" alt=\"\">\n\t\t\t<\/li>\n\t\t\t\t\t\t<li >\n\t\t\t\t<img decoding=\"async\" src=\"https:\/\/spsamus.ro\/wp-content\/uploads\/2024\/09\/a5.jpeg\" alt=\"\">\n\t\t\t<\/li>\n\t\t\t\t\t\t<li >\n\t\t\t\t<img decoding=\"async\" src=\"https:\/\/spsamus.ro\/wp-content\/uploads\/2024\/09\/A6.jpeg\" alt=\"\">\n\t\t\t<\/li>\n\t\t\t\t\t\t<li >\n\t\t\t\t<img decoding=\"async\" src=\"https:\/\/spsamus.ro\/wp-content\/uploads\/2024\/09\/A7.jpeg\" alt=\"\">\n\t\t\t<\/li>\n\t\t\t\t\t\t<li >\n\t\t\t\t<img decoding=\"async\" src=\"https:\/\/spsamus.ro\/wp-content\/uploads\/2024\/09\/WhatsApp-Image-2024-09-18-at-10.26.30.jpeg\" alt=\"\">\n\t\t\t<\/li>\n\t\t\t\t<\/ul>\n<\/div>\n<script>\njQuery( document ).ready(function() {\n\tjQuery(\".slider-container-5\").flipster({\n\t\t\t});\n});\n<\/script>\n<style>\n.slider-container-5 img {\n\twidth : 500px;\n\theight : 400px;\n}\n\n\/********* FIX FOR VERTICAL SCROLL BAR 19-JAN-2021 *********\/\n.flipster {\n\tdisplay: block;\n\t\/* overflow-x: hidden; *\/\n\t\/* overflow-x: inherit;\n\toverflow-y: visible; *\/\n\toverflow: hidden !important;\n\tposition: relative;\n}\n\n\/********* FIX FOR small screen media query 25-JAN-2021 *********\/\n@media only screen and (max-width: 768px) {\n\t.slider-container-5 img {\n\t\twidth : 300px;\n\t}\n}\n@media only screen and (max-width: 540px) {\n\t.slider-container-5 img {\n\t\twidth : 170px;\n\t}\n}\n<\/style>\n<\/h4>\r\n<h3><strong>\u00a0 \u00a0 \u00a0 \u00a0 \u00a0 \u00a0 \u00a0 \u00a0 \u00a0 \u00a0 \u00a0<\/strong><\/h3>\r\n<ul>\r\n<li style=\"list-style-type: none;\">\r\n<ul>\r\n<li>\r\n<h3><a href=\"https:\/\/www.youtube.com\/watch?v=_ShQ-BcE-54\">Oferta educationala Samus 2024 &#8211; 2025<\/a><\/h3>\r\n<\/li>\r\n<\/ul>\r\n<\/li>\r\n<\/ul>\r\n<p><iframe loading=\"lazy\" title=\"Oferta educationala Samus 2024-2025\" width=\"600\" height=\"338\" src=\"https:\/\/www.youtube.com\/embed\/_ShQ-BcE-54?feature=oembed\" frameborder=\"0\" allow=\"accelerometer; autoplay; clipboard-write; encrypted-media; gyroscope; picture-in-picture; web-share\" referrerpolicy=\"strict-origin-when-cross-origin\" allowfullscreen><\/iframe><\/p>","protected":false},"excerpt":{"rendered":"<p>\u0218coala Profesional\u0103 Special\u0103 \u201eSAMUS\u201d Prezentare general\u0103\u0218coala Profesional\u0103 Special\u0103 \u201eSamus\u201d func\u021bioneaz\u0103 sub coordonarea educa\u021bional\u0103 a Ministerului Educa\u021biei \u0219i Cercet\u0103rii, reprezentat prin Inspectoratul \u0218colar Jude\u021bean Cluj, fiind subordonat financiar \u0219i administrativ Consiliului Jude\u021bean Cluj. Ea este situat\u0103 \u00een Cluj-Napoca, \u00een centrul Transilvaniei, \u0219i func\u021bioneaz\u0103 \u00een regim de \u0219coal\u0103-internat, primind elevi din toate zonele \u00eenvecinate.\u00cen cadrul acesteia se &hellip; <a href=\"https:\/\/spsamus.ro\/\">Continue reading <span class=\"meta-nav\">&rarr;<\/span><\/a><\/p>\n","protected":false},"author":1,"featured_media":0,"parent":0,"menu_order":0,"comment_status":"closed","ping_status":"closed","template":"","meta":{"advgb_blocks_editor_width":"","advgb_blocks_columns_visual_guide":"","footnotes":""},"class_list":["post-10","page","type-page","status-publish","hentry"],"coauthors":[],"author_meta":{"author_link":"https:\/\/spsamus.ro\/index.php\/author\/admin_ddh3voxz\/","display_name":"admin"},"relative_dates":{"created":"Posted 3 ani ago","modified":"Updated 3 s\u0103pt\u0103m\u00e2ni ago"},"absolute_dates":{"created":"Posted on septembrie 26, 2023","modified":"Updated on aprilie 29, 2026"},"absolute_dates_time":{"created":"Posted on septembrie 26, 2023 10:59 am","modified":"Updated on aprilie 29, 2026 12:35 pm"},"featured_img_caption":"","featured_img":false,"series_order":"","_links":{"self":[{"href":"https:\/\/spsamus.ro\/index.php\/wp-json\/wp\/v2\/pages\/10","targetHints":{"allow":["GET"]}}],"collection":[{"href":"https:\/\/spsamus.ro\/index.php\/wp-json\/wp\/v2\/pages"}],"about":[{"href":"https:\/\/spsamus.ro\/index.php\/wp-json\/wp\/v2\/types\/page"}],"author":[{"embeddable":true,"href":"https:\/\/spsamus.ro\/index.php\/wp-json\/wp\/v2\/users\/1"}],"replies":[{"embeddable":true,"href":"https:\/\/spsamus.ro\/index.php\/wp-json\/wp\/v2\/comments?post=10"}],"version-history":[{"count":62,"href":"https:\/\/spsamus.ro\/index.php\/wp-json\/wp\/v2\/pages\/10\/revisions"}],"predecessor-version":[{"id":1145,"href":"https:\/\/spsamus.ro\/index.php\/wp-json\/wp\/v2\/pages\/10\/revisions\/1145"}],"wp:attachment":[{"href":"https:\/\/spsamus.ro\/index.php\/wp-json\/wp\/v2\/media?parent=10"}],"curies":[{"name":"wp","href":"https:\/\/api.w.org\/{rel}","templated":true}]}}